{"id":998,"date":"2026-04-13T12:48:50","date_gmt":"2026-04-13T09:48:50","guid":{"rendered":"https:\/\/telealumni.fi\/alumni\/?page_id=998"},"modified":"2026-04-13T12:49:56","modified_gmt":"2026-04-13T09:49:56","slug":"wappuruokailu-2026","status":"publish","type":"page","link":"https:\/\/telealumni.fi\/alumni\/wappuruokailu-2026\/","title":{"rendered":"Wappuruokailu 2026"},"content":{"rendered":"\n\n\n<p>Tervetuloa Wappuruokailuun, joka j\u00e4rjestet\u00e4\u00e4n t\u00e4n\u00e4 vuonna Pyynikki Brewhousessa 1.5.2026 kello 15. Ilmoittautuminen alla olevalla lomakkeella:\u00a0\u00a0<\/p>\n\n\n\n<div class=\"caldera-grid\" id=\"caldera_form_1\" data-cf-ver=\"1.9.7\" data-cf-form-id=\"CF69dcb9e1d38c2\"><div id=\"caldera_notices_1\" data-spinner=\"https:\/\/telealumni.fi\/alumni\/wp-admin\/images\/spinner.gif\"><\/div><form data-instance=\"1\" class=\"CF69dcb9e1d38c2 caldera_forms_form cfajax-trigger\" method=\"POST\" enctype=\"multipart\/form-data\" id=\"CF69dcb9e1d38c2_1\" data-form-id=\"CF69dcb9e1d38c2\" aria-label=\"Wappuruokailu2026\" data-target=\"#caldera_notices_1\" data-template=\"#cfajax_CF69dcb9e1d38c2-tmpl\" data-cfajax=\"CF69dcb9e1d38c2\" data-load-element=\"_parent\" data-load-class=\"cf_processing\" data-post-disable=\"0\" data-action=\"cf_process_ajax_submit\" data-request=\"https:\/\/telealumni.fi\/alumni\/cf-api\/CF69dcb9e1d38c2\" data-hiderows=\"true\">\r\n<input type=\"hidden\" id=\"_cf_verify_CF69dcb9e1d38c2\" name=\"_cf_verify\" value=\"1566900f8f\"  data-nonce-time=\"1776265196\" \/><input type=\"hidden\" name=\"_wp_http_referer\" value=\"\/alumni\/wp-json\/wp\/v2\/pages\/998\" \/><div id=\"cf2-CF69dcb9e1d38c2_1\"><\/div><input type=\"hidden\" name=\"_cf_frm_id\" value=\"CF69dcb9e1d38c2\">\r\n<input type=\"hidden\" name=\"_cf_frm_ct\" value=\"1\">\r\n<input type=\"hidden\" name=\"cfajax\" value=\"CF69dcb9e1d38c2\">\r\n<input type=\"hidden\" name=\"_cf_cr_pst\" value=\"998\">\r\n<div class=\"hide\" style=\"display:none; overflow:hidden;height:0;width:0;\">\r\n<label>S\u00e4hk\u00f6postiosoite<\/label><input type=\"text\" name=\"email\" value=\"\" autocomplete=\"off\">\r\n<\/div><div id=\"CF69dcb9e1d38c2_1-row-1\"  class=\"row  first_row\"><div  class=\"col-sm-4  first_col\"><div data-field-wrapper=\"fld_8768091\" class=\"form-group\" id=\"fld_8768091_1-wrap\">\r\n\t<label id=\"fld_8768091Label\" for=\"fld_8768091_1\" class=\"control-label\">Nimi <span aria-hidden=\"true\" role=\"presentation\" class=\"field_required\" style=\"color:#ee0000;\">*<\/span><\/label>\r\n\t<div class=\"\">\r\n\t\t<input   required type=\"text\" data-field=\"fld_8768091\" class=\" form-control\" id=\"fld_8768091_1\" name=\"fld_8768091\" value=\"\" data-type=\"text\" aria-required=\"true\"   aria-labelledby=\"fld_8768091Label\" >\t\t\t<\/div>\r\n<\/div>\r\n<\/div><div  class=\"col-sm-8  last_col\"><div data-field-wrapper=\"fld_6009157\" class=\"form-group\" id=\"fld_6009157_1-wrap\">\r\n\t<label id=\"fld_6009157Label\" for=\"fld_6009157_1\" class=\"control-label\">S\u00e4hk\u00f6posti <span aria-hidden=\"true\" role=\"presentation\" class=\"field_required\" style=\"color:#ee0000;\">*<\/span><\/label>\r\n\t<div class=\"\">\r\n\t\t<input   required type=\"email\" data-field=\"fld_6009157\" class=\" form-control\" id=\"fld_6009157_1\" name=\"fld_6009157\" value=\"\" data-type=\"email\" aria-required=\"true\"   aria-labelledby=\"fld_6009157Label\" >\t\t\t<\/div>\r\n<\/div>\r\n<\/div><\/div><div id=\"CF69dcb9e1d38c2_1-row-2\"  class=\"row \"><div  class=\"col-sm-12  single\"><div data-field-wrapper=\"fld_7135542\" class=\"form-group\" id=\"fld_7135542_1-wrap\">\r\n\t<label id=\"fld_7135542Label\" for=\"fld_7135542_1\" class=\"control-label\">Avec:<\/label>\r\n\t<div class=\"\">\r\n\t\t\t\t\t\t\t\t\t\t\t<div class=\"checkbox\">\n\t\t\t\t\n                <label                         for=\"fld_7135542_1_opt1091734\"\n                >\n                            <input\n                                                                type=\"checkbox\"\n                                data-label=\"Mukaan tulee my\u00f6s avec\"\n                                data-field=\"fld_7135542\"\n                                id=\"fld_7135542_1_opt1091734\"\n                                class=\"fld_7135542_1\"\n                                name=\"fld_7135542[opt1091734]\"\n                                value=\"Mukaan tulee my\u00f6s avec\"\n                                                                data-type=\"checkbox\"\n                                data-checkbox-field=\"fld_7135542_1\"\n                                                                data-calc-value=\"Mukaan tulee my\u00f6s avec\"\n                            >\n                    Mukaan tulee my\u00f6s avec                <\/label>\n\n                \t\t\t\t\t<\/div>\n\t\t\t\t\t\t\t\t\t\t\t<\/div>\r\n<\/div>\r\n<div data-field-wrapper=\"fld_2954338\" class=\"form-group\" id=\"fld_2954338_1-wrap\">\r\n\t<label id=\"fld_2954338Label\" for=\"fld_2954338_1\" class=\"control-label\">Avecin nimi<\/label>\r\n\t<div class=\"\">\r\n\t\t<input    type=\"text\" data-field=\"fld_2954338\" class=\" form-control\" id=\"fld_2954338_1\" name=\"fld_2954338\" value=\"\" data-type=\"text\"   aria-labelledby=\"fld_2954338Label\" >\t\t\t<\/div>\r\n<\/div>\r\n<\/div><\/div><div id=\"CF69dcb9e1d38c2_1-row-3\"  class=\"row  last_row\"><div  class=\"col-sm-12  single\"><div data-field-wrapper=\"fld_7908577\" class=\"form-group\" id=\"fld_7908577_1-wrap\">\r\n<div class=\"\">\r\n\t<input  class=\"btn btn-default\" type=\"submit\" name=\"fld_7908577\" id=\"fld_7908577_1\" value=\"L\u00e4het\u00e4pp\u00e4 ilmoittautuminen\" data-field=\"fld_7908577\"  >\n<\/div>\r\n<\/div>\r\n\t<input class=\"button_trigger_1\" type=\"hidden\" name=\"fld_7908577\" id=\"fld_7908577_1_btn\" value=\"\" data-field=\"fld_7908577\"  \/>\n<\/div><\/div><\/form>\r\n<\/div>\r\n\n","protected":false},"excerpt":{"rendered":"<p>Tervetuloa Wappuruokailuun, joka j\u00e4rjestet\u00e4\u00e4n t\u00e4n\u00e4 vuonna Pyynikki Brewhousessa 1.5.2026 kello 15. Ilmoittautuminen alla olevalla lomakkeella:\u00a0\u00a0<\/p>\n","protected":false},"author":5,"featured_media":0,"parent":0,"menu_order":0,"comment_status":"closed","ping_status":"closed","template":"","meta":{"footnotes":""},"class_list":["post-998","page","type-page","status-publish","hentry"],"_links":{"self":[{"href":"https:\/\/telealumni.fi\/alumni\/wp-json\/wp\/v2\/pages\/998","targetHints":{"allow":["GET"]}}],"collection":[{"href":"https:\/\/telealumni.fi\/alumni\/wp-json\/wp\/v2\/pages"}],"about":[{"href":"https:\/\/telealumni.fi\/alumni\/wp-json\/wp\/v2\/types\/page"}],"author":[{"embeddable":true,"href":"https:\/\/telealumni.fi\/alumni\/wp-json\/wp\/v2\/users\/5"}],"replies":[{"embeddable":true,"href":"https:\/\/telealumni.fi\/alumni\/wp-json\/wp\/v2\/comments?post=998"}],"version-history":[{"count":2,"href":"https:\/\/telealumni.fi\/alumni\/wp-json\/wp\/v2\/pages\/998\/revisions"}],"predecessor-version":[{"id":1001,"href":"https:\/\/telealumni.fi\/alumni\/wp-json\/wp\/v2\/pages\/998\/revisions\/1001"}],"wp:attachment":[{"href":"https:\/\/telealumni.fi\/alumni\/wp-json\/wp\/v2\/media?parent=998"}],"curies":[{"name":"wp","href":"https:\/\/api.w.org\/{rel}","templated":true}]}}