{"id":967,"date":"2025-04-10T20:12:26","date_gmt":"2025-04-10T17:12:26","guid":{"rendered":"https:\/\/telealumni.fi\/alumni\/?page_id=967"},"modified":"2025-04-30T13:54:21","modified_gmt":"2025-04-30T10:54:21","slug":"wappuruokailu-2025","status":"publish","type":"page","link":"https:\/\/telealumni.fi\/alumni\/wappuruokailu-2025\/","title":{"rendered":"Wappuruokailu 2025"},"content":{"rendered":"\n<p>Tervetuloa TeLEalumnin wappuruokailuun 1.5.2025 kello 15.30. Ravintolaksi t\u00e4ll\u00e4 kertaa valitsimme Schnitzelhausin <a href=\"https:\/\/www.schnitzelhaus.fi\/\">https:\/\/www.schnitzelhaus.fi\/<\/a> . Ilmoittaudu ruokailuun 29.4.2025 menness\u00e4 oheisella lomakkeella. Ruokatilaukset tehd\u00e4\u00e4n paikan p\u00e4\u00e4ll\u00e4.\u00a0<br \/><br \/><\/p>\n<p>ilmoittautuminen p\u00e4\u00e4ttynyt.<\/p>\n<p>\u00a0<\/p>\n\n\n\n\n","protected":false},"excerpt":{"rendered":"<p>Tervetuloa TeLEalumnin wappuruokailuun 1.5.2025 kello 15.30. Ravintolaksi t\u00e4ll\u00e4 kertaa valitsimme Schnitzelhausin https:\/\/www.schnitzelhaus.fi\/ . Ilmoittaudu ruokailuun 29.4.2025 menness\u00e4 oheisella lomakkeella. Ruokatilaukset tehd\u00e4\u00e4n paikan p\u00e4\u00e4ll\u00e4.\u00a0 ilmoittautuminen p\u00e4\u00e4ttynyt. \u00a0<\/p>\n","protected":false},"author":5,"featured_media":0,"parent":0,"menu_order":0,"comment_status":"closed","ping_status":"closed","template":"","meta":{"footnotes":""},"class_list":["post-967","page","type-page","status-publish","hentry"],"_links":{"self":[{"href":"https:\/\/telealumni.fi\/alumni\/wp-json\/wp\/v2\/pages\/967","targetHints":{"allow":["GET"]}}],"collection":[{"href":"https:\/\/telealumni.fi\/alumni\/wp-json\/wp\/v2\/pages"}],"about":[{"href":"https:\/\/telealumni.fi\/alumni\/wp-json\/wp\/v2\/types\/page"}],"author":[{"embeddable":true,"href":"https:\/\/telealumni.fi\/alumni\/wp-json\/wp\/v2\/users\/5"}],"replies":[{"embeddable":true,"href":"https:\/\/telealumni.fi\/alumni\/wp-json\/wp\/v2\/comments?post=967"}],"version-history":[{"count":2,"href":"https:\/\/telealumni.fi\/alumni\/wp-json\/wp\/v2\/pages\/967\/revisions"}],"predecessor-version":[{"id":970,"href":"https:\/\/telealumni.fi\/alumni\/wp-json\/wp\/v2\/pages\/967\/revisions\/970"}],"wp:attachment":[{"href":"https:\/\/telealumni.fi\/alumni\/wp-json\/wp\/v2\/media?parent=967"}],"curies":[{"name":"wp","href":"https:\/\/api.w.org\/{rel}","templated":true}]}}