{"id":934,"date":"2023-11-09T07:19:19","date_gmt":"2023-11-09T05:19:19","guid":{"rendered":"https:\/\/telealumni.fi\/alumni\/?page_id=934"},"modified":"2023-11-28T19:56:10","modified_gmt":"2023-11-28T17:56:10","slug":"itsenaisyyspaivan-ruokailu-2023","status":"publish","type":"page","link":"https:\/\/telealumni.fi\/alumni\/tapahtumat\/itsenaisyyspaivan-ruokailu-2023\/","title":{"rendered":"Itsen\u00e4isyysp\u00e4iv\u00e4n ruokailu 2023"},"content":{"rendered":"\n<h1>Itsen\u00e4isyysp\u00e4iv\u00e4n ruokailu 2023<\/h1>\n<p>T\u00e4n\u00e4 vuonna menemme sy\u00f6m\u00e4\u00e4n kello 15.00 Ukkometsoon , josta meille on varattu kabinetti. Ilmoittaudu alla olevalla lomakkeella, jolla ilmoitetaan my\u00f6s ruokavalinta. Ilmoittautuminen p\u00e4\u00e4ttyy 28.11.2023.<\/p>\n<p>Ilmo sulki.<\/p>\n<p>\u00a0<\/p>\n<p>\u00a0<\/p>\n","protected":false},"excerpt":{"rendered":"<p>Itsen\u00e4isyysp\u00e4iv\u00e4n ruokailu 2023 T\u00e4n\u00e4 vuonna menemme sy\u00f6m\u00e4\u00e4n kello 15.00 Ukkometsoon , josta meille on varattu kabinetti. Ilmoittaudu alla olevalla lomakkeella, jolla ilmoitetaan my\u00f6s ruokavalinta. Ilmoittautuminen p\u00e4\u00e4ttyy 28.11.2023. Ilmo sulki. \u00a0 \u00a0<\/p>\n","protected":false},"author":5,"featured_media":0,"parent":16,"menu_order":0,"comment_status":"closed","ping_status":"closed","template":"","meta":{"footnotes":""},"class_list":["post-934","page","type-page","status-publish","hentry"],"_links":{"self":[{"href":"https:\/\/telealumni.fi\/alumni\/wp-json\/wp\/v2\/pages\/934","targetHints":{"allow":["GET"]}}],"collection":[{"href":"https:\/\/telealumni.fi\/alumni\/wp-json\/wp\/v2\/pages"}],"about":[{"href":"https:\/\/telealumni.fi\/alumni\/wp-json\/wp\/v2\/types\/page"}],"author":[{"embeddable":true,"href":"https:\/\/telealumni.fi\/alumni\/wp-json\/wp\/v2\/users\/5"}],"replies":[{"embeddable":true,"href":"https:\/\/telealumni.fi\/alumni\/wp-json\/wp\/v2\/comments?post=934"}],"version-history":[{"count":3,"href":"https:\/\/telealumni.fi\/alumni\/wp-json\/wp\/v2\/pages\/934\/revisions"}],"predecessor-version":[{"id":938,"href":"https:\/\/telealumni.fi\/alumni\/wp-json\/wp\/v2\/pages\/934\/revisions\/938"}],"up":[{"embeddable":true,"href":"https:\/\/telealumni.fi\/alumni\/wp-json\/wp\/v2\/pages\/16"}],"wp:attachment":[{"href":"https:\/\/telealumni.fi\/alumni\/wp-json\/wp\/v2\/media?parent=934"}],"curies":[{"name":"wp","href":"https:\/\/api.w.org\/{rel}","templated":true}]}}