{"id":806,"date":"2020-01-29T21:18:41","date_gmt":"2020-01-29T19:18:41","guid":{"rendered":"https:\/\/telealumni.fi\/alumni\/?page_id=806"},"modified":"2020-01-29T21:47:53","modified_gmt":"2020-01-29T19:47:53","slug":"cybercom-hackathon-2020","status":"publish","type":"page","link":"https:\/\/telealumni.fi\/alumni\/tapahtumat\/cybercom-hackathon-2020\/","title":{"rendered":"Cybercom Hackathon 2020"},"content":{"rendered":"\n<div class=\"caldera-grid\" id=\"caldera_form_1\" data-cf-ver=\"1.9.7\" data-cf-form-id=\"CF5e31c06ba370c\"><div id=\"caldera_notices_1\" data-spinner=\"https:\/\/telealumni.fi\/alumni\/wp-admin\/images\/spinner.gif\"><\/div><form data-instance=\"1\" class=\"CF5e31c06ba370c caldera_forms_form cfajax-trigger\" method=\"POST\" enctype=\"multipart\/form-data\" id=\"CF5e31c06ba370c_1\" data-form-id=\"CF5e31c06ba370c\" aria-label=\"hackathon2020\" data-target=\"#caldera_notices_1\" data-template=\"#cfajax_CF5e31c06ba370c-tmpl\" data-cfajax=\"CF5e31c06ba370c\" data-load-element=\"_parent\" data-load-class=\"cf_processing\" data-post-disable=\"0\" data-action=\"cf_process_ajax_submit\" data-request=\"https:\/\/telealumni.fi\/alumni\/cf-api\/CF5e31c06ba370c\" data-hiderows=\"true\">\r\n<input type=\"hidden\" id=\"_cf_verify_CF5e31c06ba370c\" name=\"_cf_verify\" value=\"c2da8aaea9\"  data-nonce-time=\"1777042229\" \/><input type=\"hidden\" name=\"_wp_http_referer\" value=\"\/alumni\/wp-json\/wp\/v2\/pages\/806\" \/><div id=\"cf2-CF5e31c06ba370c_1\"><\/div><input type=\"hidden\" name=\"_cf_frm_id\" value=\"CF5e31c06ba370c\">\r\n<input type=\"hidden\" name=\"_cf_frm_ct\" value=\"1\">\r\n<input type=\"hidden\" name=\"cfajax\" value=\"CF5e31c06ba370c\">\r\n<input type=\"hidden\" name=\"_cf_cr_pst\" value=\"806\">\r\n<div class=\"hide\" style=\"display:none; overflow:hidden;height:0;width:0;\">\r\n<label>S\u00e4hk\u00f6postiosoite<\/label><input type=\"text\" name=\"email\" value=\"\" autocomplete=\"off\">\r\n<\/div><div id=\"CF5e31c06ba370c_1-row-1\"  class=\"row  first_row\"><div  class=\"col-sm-12  single\"><div class=\"\"><h2>Cybercom Hackathon on t\u00e4\u00e4ll\u00e4!<\/h2>\n<\/div><div class=\"\"><p>Miss\u00e4? Technopolis Kansleri<\/p>\n<p>Milloin? 7.3.2020 kello 14.00 alkaen.<\/p>\n<p>Mit\u00e4?<br \/>\nRentoa puuhastelua AWS Deep Racerin ja Teiid data virtualisoinnin parissa 14.30 alkaen (OPM*). Asiantuntijat tarjoavat ohjeistusta ja apua aiheista.<br \/>\nJossain v\u00e4liss\u00e4 sy\u00f6d\u00e4\u00e4n. Ruoat ja ruokajuomat tarjotaan. Jos Ballmer's peakkisi hakeminen vaatii enemm\u00e4n, varaudu my\u00f6s omin juomin.<br \/>\nJatkoille on syyt\u00e4 suunnata viimeist\u00e4\u00e4n kello 23. Ennen poistumista on aikaa my\u00f6s saunoa ja verkostoitua. Pyyhkeet ja pesuaineet tulevat talon puolesta. Paikkoja on rajoitetusti, joten nopeat sy\u00f6.<\/p>\n<p><p>* Oma komPuutteri Mukaan<\/p>\n<\/div><\/div><\/div><div id=\"CF5e31c06ba370c_1-row-2\"  class=\"row \"><div  class=\"col-sm-6  first_col\"><div data-field-wrapper=\"fld_185917\" class=\"form-group\" id=\"fld_185917_1-wrap\">\r\n\t<label id=\"fld_185917Label\" for=\"fld_185917_1\" class=\"control-label\">Etunimi <span aria-hidden=\"true\" role=\"presentation\" class=\"field_required\" style=\"color:#ee0000;\">*<\/span><\/label>\r\n\t<div class=\"\">\r\n\t\t<input   required type=\"text\" data-field=\"fld_185917\" class=\" form-control\" id=\"fld_185917_1\" name=\"fld_185917\" value=\"\" data-type=\"text\" aria-required=\"true\"   aria-labelledby=\"fld_185917Label\" >\t\t\t<\/div>\r\n<\/div>\r\n<\/div><div  class=\"col-sm-6  last_col\"><div data-field-wrapper=\"fld_6892512\" class=\"form-group\" id=\"fld_6892512_1-wrap\">\r\n\t<label id=\"fld_6892512Label\" for=\"fld_6892512_1\" class=\"control-label\">Sukunimi <span aria-hidden=\"true\" role=\"presentation\" class=\"field_required\" style=\"color:#ee0000;\">*<\/span><\/label>\r\n\t<div class=\"\">\r\n\t\t<input   required type=\"text\" data-field=\"fld_6892512\" class=\" form-control\" id=\"fld_6892512_1\" name=\"fld_6892512\" value=\"\" data-type=\"text\" aria-required=\"true\"   aria-labelledby=\"fld_6892512Label\" >\t\t\t<\/div>\r\n<\/div>\r\n<\/div><\/div><div id=\"CF5e31c06ba370c_1-row-3\"  class=\"row \"><div  class=\"col-sm-12  single\"><div data-field-wrapper=\"fld_7900587\" class=\"form-group\" id=\"fld_7900587_1-wrap\">\r\n\t<label id=\"fld_7900587Label\" for=\"fld_7900587_1\" class=\"control-label\">s\u00e4hk\u00f6posti <span aria-hidden=\"true\" role=\"presentation\" class=\"field_required\" style=\"color:#ee0000;\">*<\/span><\/label>\r\n\t<div class=\"\">\r\n\t\t<input   required type=\"email\" data-field=\"fld_7900587\" class=\" form-control\" id=\"fld_7900587_1\" name=\"fld_7900587\" value=\"\" data-type=\"email\" aria-required=\"true\"   aria-labelledby=\"fld_7900587Label\" >\t\t\t<\/div>\r\n<\/div>\r\n<\/div><\/div><div id=\"CF5e31c06ba370c_1-row-4\"  class=\"row \"><div  class=\"col-sm-12  single\"><div class=\"\"><h3>Ruokaa<\/h3>\n<p>\nK\u00e4y etsim\u00e4ss\u00e4 itsellesi sopiva pitsa <a href=\"https:\/\/kotipizza.fi\/menu\">kotipizzan menusta<\/a>. Valitse se listasta. Tarvittaessa Valitse tarvittaessa my\u00f6s valkosipuli ja pitsaan kuuluva dippi\/kastike, sek\u00e4pohjan laatu. (Jos ruokaan ei valittuja asioita saa, niin sitten tulee mit\u00e4 tulee.)<\/p>\n<\/div><div data-field-wrapper=\"fld_4533387\" class=\"form-group\" id=\"fld_4533387_1-wrap\">\r\n\t<label id=\"fld_4533387Label\" for=\"fld_4533387_1\" class=\"control-label\">Ruoka <span aria-hidden=\"true\" role=\"presentation\" class=\"field_required\" style=\"color:#ee0000;\">*<\/span><\/label>\r\n\t<div class=\"\">\r\n\t\t<select name=\"fld_4533387\" value=\"\" data-field=\"fld_4533387\" class=\"form-control\" id=\"fld_4533387_1\"  required=\"required\"  aria-labelledby=\"fld_4533387Label\" >\n\t\t<option value=\"\"><\/option>\r\n\t\t\t\t\t<option value=\"Americana\"  data-calc-value=\"Americana\" >\n\t\t\t\t\t\tAmericana\t\t\t\t\t<\/option>\n\t\t\t\t\t\t\t\t\t\t<option value=\"Berlusconi\"  data-calc-value=\"Berlusconi\" >\n\t\t\t\t\t\tBerlusconi\t\t\t\t\t<\/option>\n\t\t\t\t\t\t\t\t\t\t<option value=\"Burger\"  data-calc-value=\"Burger\" >\n\t\t\t\t\t\tBurger\t\t\t\t\t<\/option>\n\t\t\t\t\t\t\t\t\t\t<option value=\"Jauheliha\"  data-calc-value=\"Jauheliha\" >\n\t\t\t\t\t\tJauheliha\t\t\t\t\t<\/option>\n\t\t\t\t\t\t\t\t\t\t<option value=\"Kebab\"  data-calc-value=\"Kebab\" >\n\t\t\t\t\t\tKebab\t\t\t\t\t<\/option>\n\t\t\t\t\t\t\t\t\t\t<option value=\"Lihamestari\"  data-calc-value=\"Lihamestari\" >\n\t\t\t\t\t\tLihamestari\t\t\t\t\t<\/option>\n\t\t\t\t\t\t\t\t\t\t<option value=\"Margherita\"  data-calc-value=\"Margherita\" >\n\t\t\t\t\t\tMargherita\t\t\t\t\t<\/option>\n\t\t\t\t\t\t\t\t\t\t<option value=\"Mexicana\"  data-calc-value=\"Mexicana\" >\n\t\t\t\t\t\tMexicana\t\t\t\t\t<\/option>\n\t\t\t\t\t\t\t\t\t\t<option value=\"Mozzarella\"  data-calc-value=\"Mozzarella\" >\n\t\t\t\t\t\tMozzarella\t\t\t\t\t<\/option>\n\t\t\t\t\t\t\t\t\t\t<option value=\"Opera\"  data-calc-value=\"Opera\" >\n\t\t\t\t\t\tOpera\t\t\t\t\t<\/option>\n\t\t\t\t\t\t\t\t\t\t<option value=\"Parmiano\"  data-calc-value=\"Parmiano\" >\n\t\t\t\t\t\tParmiano\t\t\t\t\t<\/option>\n\t\t\t\t\t\t\t\t\t\t<option value=\"Pekoni-Barbeque\"  data-calc-value=\"Pekoni-Barbeque\" >\n\t\t\t\t\t\tPekoni-Barbeque\t\t\t\t\t<\/option>\n\t\t\t\t\t\t\t\t\t\t<option value=\"Pepperoni-tonnikala\"  data-calc-value=\"Pepperoni-tonnikala\" >\n\t\t\t\t\t\tPepperoni-tonnikala\t\t\t\t\t<\/option>\n\t\t\t\t\t\t\t\t\t\t<option value=\"Pollo Americana\"  data-calc-value=\"Pollo Americana\" >\n\t\t\t\t\t\tPollo Americana\t\t\t\t\t<\/option>\n\t\t\t\t\t\t\t\t\t\t<option value=\"Pollo Mexicana\"  data-calc-value=\"Pollo Mexicana\" >\n\t\t\t\t\t\tPollo Mexicana\t\t\t\t\t<\/option>\n\t\t\t\t\t\t\t\t\t\t<option value=\"Quattro Stagioni\"  data-calc-value=\"Quattro Stagioni\" >\n\t\t\t\t\t\tQuattro Stagioni\t\t\t\t\t<\/option>\n\t\t\t\t\t\t\t\t\t\t<option value=\"Special opera\"  data-calc-value=\"Special opera\" >\n\t\t\t\t\t\tSpecial opera\t\t\t\t\t<\/option>\n\t\t\t\t\t\t\t\t\t\t<option value=\"Superseitan\"  data-calc-value=\"Superseitan\" >\n\t\t\t\t\t\tSuperseitan\t\t\t\t\t<\/option>\n\t\t\t\t\t\t\t\t\t\t<option value=\"Tropicana\"  data-calc-value=\"Tropicana\" >\n\t\t\t\t\t\tTropicana\t\t\t\t\t<\/option>\n\t\t\t\t\t\t\t\t\t\t<option value=\"Tuplaepperoni\"  data-calc-value=\"Tuplaepperoni\" >\n\t\t\t\t\t\tTuplaepperoni\t\t\t\t\t<\/option>\n\t\t\t\t\t\t\t\t\t\t<option value=\"Zorbas\"  data-calc-value=\"Zorbas\" >\n\t\t\t\t\t\tZorbas\t\t\t\t\t<\/option>\n\t\t\t\t\t\t\t\t\t\t<option value=\"Barbegue\"  data-calc-value=\"Barbegue\" >\n\t\t\t\t\t\tBarbegue\t\t\t\t\t<\/option>\n\t\t\t\t\t\t\t\t\t\t<option value=\"Feta kotzone\"  data-calc-value=\"Feta kotzone\" >\n\t\t\t\t\t\tFeta kotzone\t\t\t\t\t<\/option>\n\t\t\t\t\t\t\t\t\t\t<option value=\"Kana\"  data-calc-value=\"Kana\" >\n\t\t\t\t\t\tKana\t\t\t\t\t<\/option>\n\t\t\t\t\t\t\t\t\t\t<option value=\"Kana-feta-avokado\"  data-calc-value=\"Kana-feta-avokado\" >\n\t\t\t\t\t\tKana-feta-avokado\t\t\t\t\t<\/option>\n\t\t\t\t\t\t\t\t\t\t<option value=\"Kebab kotzone\"  data-calc-value=\"Kebab kotzone\" >\n\t\t\t\t\t\tKebab kotzone\t\t\t\t\t<\/option>\n\t\t\t\t\t\t\t\t\t\t<option value=\"Lohi\"  data-calc-value=\"Lohi\" >\n\t\t\t\t\t\tLohi\t\t\t\t\t<\/option>\n\t\t\t\t\t\t\t\t\t\t<option value=\"Pepperoni-Aura\"  data-calc-value=\"Pepperoni-Aura\" >\n\t\t\t\t\t\tPepperoni-Aura\t\t\t\t\t<\/option>\n\t\t\t\t\t\t\t\t\t\t<option value=\"Tulinen kana\"  data-calc-value=\"Tulinen kana\" >\n\t\t\t\t\t\tTulinen kana\t\t\t\t\t<\/option>\n\t\t\t\t\t\t\t\t\t\t<option value=\"New Mexico\"  data-calc-value=\"New Mexico\" >\n\t\t\t\t\t\tNew Mexico\t\t\t\t\t<\/option>\n\t\t\t\t\t\t\t\t\t\t<option value=\"New York\"  data-calc-value=\"New York\" >\n\t\t\t\t\t\tNew York\t\t\t\t\t<\/option>\n\t\t\t\t\t\t\t\t\t\t<option value=\"Texas\"  data-calc-value=\"Texas\" >\n\t\t\t\t\t\tTexas\t\t\t\t\t<\/option>\n\t\t\t\t\t\t\t\t\t\t<option value=\"Beefnroast\"  data-calc-value=\"Beefnroast\" >\n\t\t\t\t\t\tBeefnroast\t\t\t\t\t<\/option>\n\t\t\t\t\t\t\t\t\t\t<option value=\"Crudo lankku\"  data-calc-value=\"Crudo lankku\" >\n\t\t\t\t\t\tCrudo lankku\t\t\t\t\t<\/option>\n\t\t\t\t\t\t\t\t\t\t<option value=\"Kana lankku\"  data-calc-value=\"Kana lankku\" >\n\t\t\t\t\t\tKana lankku\t\t\t\t\t<\/option>\n\t\t\t\t\t\t\t\t\t\t<option value=\"Lohi lankku\"  data-calc-value=\"Lohi lankku\" >\n\t\t\t\t\t\tLohi lankku\t\t\t\t\t<\/option>\n\t\t\t\t\t\t\t\t\t\t<option value=\"Vege\"  data-calc-value=\"Vege\" >\n\t\t\t\t\t\tVege\t\t\t\t\t<\/option>\n\t\t\t\t\t\t\t\t\t\t<option value=\"Dippikana\"  data-calc-value=\"Dippikana\" >\n\t\t\t\t\t\tDippikana\t\t\t\t\t<\/option>\n\t\t\t\t\t\t\t\t\t\t<option value=\"Dippikukkakaali\"  data-calc-value=\"Dippikukkakaali\" >\n\t\t\t\t\t\tDippikukkakaali\t\t\t\t\t<\/option>\n\t\t\t\t\t\t\t\t\t\t<option value=\"Jymy kookos\"  data-calc-value=\"Jymy kookos\" >\n\t\t\t\t\t\tJymy kookos\t\t\t\t\t<\/option>\n\t\t\t\t\t\t\t\t\t\t<option value=\"Jymy mansikka\"  data-calc-value=\"Jymy mansikka\" >\n\t\t\t\t\t\tJymy mansikka\t\t\t\t\t<\/option>\n\t\t\t\t\t\t\t\t\t\t<option value=\"Jymy pistaasi\"  data-calc-value=\"Jymy pistaasi\" >\n\t\t\t\t\t\tJymy pistaasi\t\t\t\t\t<\/option>\n\t\t\t\t\t\t\t\t\t\t<option value=\"Jymy vanilja\"  data-calc-value=\"Jymy vanilja\" >\n\t\t\t\t\t\tJymy vanilja\t\t\t\t\t<\/option>\n\t\t\t\t\t\t\t\t\t\t<option value=\"Y\u00f6k! En sy\u00f6!\"  data-calc-value=\"Y\u00f6k! En sy\u00f6!\" >\n\t\t\t\t\t\tY\u00f6k! En sy\u00f6!\t\t\t\t\t<\/option>\n\t\t\t\t\t\t\t<\/select>\n\t\t\t<\/div>\r\n<\/div>\r\n<div data-field-wrapper=\"fld_8505083\" class=\"form-group\" id=\"fld_8505083_1-wrap\">\r\n\t<label id=\"fld_8505083Label\" for=\"fld_8505083_1\" class=\"control-label screen-reader-text sr-only\">Valkosipuli<\/label>\r\n\t<div class=\"\">\r\n\t\t\t\t\t\t\t\t\t\t\t<div class=\"checkbox\">\n\t\t\t\t\n                <label                         for=\"fld_8505083_1_opt1941404\"\n                >\n                            <input\n                                                                type=\"checkbox\"\n                                data-label=\"Valkosipuli\"\n                                data-field=\"fld_8505083\"\n                                id=\"fld_8505083_1_opt1941404\"\n                                class=\"fld_8505083_1\"\n                                name=\"fld_8505083[opt1941404]\"\n                                value=\"Kyl\"\n                                                                data-type=\"checkbox\"\n                                data-checkbox-field=\"fld_8505083_1\"\n                                                                data-calc-value=\"1\"\n                            >\n                    Valkosipuli                <\/label>\n\n                \t\t\t\t\t<\/div>\n\t\t\t\t\t\t\t\t\t\t\t<\/div>\r\n<\/div>\r\n<div data-field-wrapper=\"fld_7241653\" class=\"form-group\" id=\"fld_7241653_1-wrap\">\r\n\t<label id=\"fld_7241653Label\" for=\"fld_7241653_1\" class=\"control-label\">dippikastike<\/label>\r\n\t<div class=\"\">\r\n\t\t<select name=\"fld_7241653\" value=\"\" data-field=\"fld_7241653\" class=\"form-control\" id=\"fld_7241653_1\"    aria-labelledby=\"fld_7241653Label\" aria-describedby=\"fld_7241653Caption\" >\n\t\t<option value=\"\"><\/option>\r\n\t\t\t\t\t<option value=\"mango-curry-dippi\"  data-calc-value=\"mango-curry-dippi\" >\n\t\t\t\t\t\tmango-curry-dippi\t\t\t\t\t<\/option>\n\t\t\t\t\t\t\t\t\t\t<option value=\"ranch-dippi\"  data-calc-value=\"ranch-dippi\" >\n\t\t\t\t\t\tranch-dippi\t\t\t\t\t<\/option>\n\t\t\t\t\t\t\t\t\t\t<option value=\"chili\"  data-calc-value=\"chili\" >\n\t\t\t\t\t\tchili\t\t\t\t\t<\/option>\n\t\t\t\t\t\t\t\t\t\t<option value=\"chipotle\"  data-calc-value=\"chipotle\" >\n\t\t\t\t\t\tchipotle\t\t\t\t\t<\/option>\n\t\t\t\t\t\t\t\t\t\t<option value=\"valkosipuli\"  data-calc-value=\"valkosipuli\" >\n\t\t\t\t\t\tvalkosipuli\t\t\t\t\t<\/option>\n\t\t\t\t\t\t\t\t\t\t<option value=\"sitruuna\"  data-calc-value=\"sitruuna\" >\n\t\t\t\t\t\tsitruuna\t\t\t\t\t<\/option>\n\t\t\t\t\t\t\t\t\t\t<option value=\"vinegretti\"  data-calc-value=\"vinegretti\" >\n\t\t\t\t\t\tvinegretti\t\t\t\t\t<\/option>\n\t\t\t\t\t\t\t\t\t\t<option value=\"hotti-kastike\"  data-calc-value=\"hotti-kastike\" >\n\t\t\t\t\t\thotti-kastike\t\t\t\t\t<\/option>\n\t\t\t\t\t\t\t\t\t\t<option value=\"long-island hampurilaiskastike\"  data-calc-value=\"long-island hampurilaiskastike\" >\n\t\t\t\t\t\tlong-island hampurilaiskastike\t\t\t\t\t<\/option>\n\t\t\t\t\t\t\t\t\t\t<option value=\"vegaaninen valkosipulimajoneesi\"  data-calc-value=\"vegaaninen valkosipulimajoneesi\" >\n\t\t\t\t\t\tvegaaninen valkosipulimajoneesi\t\t\t\t\t<\/option>\n\t\t\t\t\t\t\t<\/select>\n\t\t<span id=\"fld_7241653Caption\" class=\"help-block\">Valitse sopiva jos se kuuluu ruokaan.<\/span>\r\n\t<\/div>\r\n<\/div>\r\n<div data-field-wrapper=\"fld_7160655\" class=\"form-group\" id=\"fld_7160655_1-wrap\">\r\n\t<label id=\"fld_7160655Label\" for=\"fld_7160655_1\" class=\"control-label\">pohja<\/label>\r\n\t<div class=\"\">\r\n\t\t<select name=\"fld_7160655\" value=\"opt1191392\" data-field=\"fld_7160655\" class=\"form-control\" id=\"fld_7160655_1\"    aria-labelledby=\"fld_7160655Label\" >\n\t\t\t\t\t\t\t<option value=\"normaali\" selected=\"selected\" data-calc-value=\"normaali\" >\n\t\t\t\t\t\tnormaali\t\t\t\t\t<\/option>\n\t\t\t\t\t\t\t\t\t\t<option value=\"runsas kuituinen\"  data-calc-value=\"runsas kuituinen\" >\n\t\t\t\t\t\trunsas kuituinen\t\t\t\t\t<\/option>\n\t\t\t\t\t\t\t\t\t\t<option value=\"gluteeniton\"  data-calc-value=\"gluteeniton\" >\n\t\t\t\t\t\tgluteeniton\t\t\t\t\t<\/option>\n\t\t\t\t\t\t\t<\/select>\n\t\t\t<\/div>\r\n<\/div>\r\n<\/div><\/div><div id=\"CF5e31c06ba370c_1-row-5\"  class=\"row  last_row\"><div  class=\"col-sm-12  single\"><div data-field-wrapper=\"fld_1596323\" class=\"form-group\" id=\"fld_1596323_1-wrap\">\r\n<div class=\"\">\r\n\t<input  class=\"btn btn-default\" type=\"submit\" name=\"fld_1596323\" id=\"fld_1596323_1\" value=\"Ilmoittaudu\" data-field=\"fld_1596323\"  >\n<\/div>\r\n<\/div>\r\n\t<input class=\"button_trigger_1\" type=\"hidden\" name=\"fld_1596323\" id=\"fld_1596323_1_btn\" value=\"\" data-field=\"fld_1596323\"  \/>\n<\/div><\/div><\/form>\r\n<\/div>\r\n\n<p>\u00a0<\/p>\n","protected":false},"excerpt":{"rendered":"<p>\u00a0<\/p>\n","protected":false},"author":3,"featured_media":0,"parent":16,"menu_order":1,"comment_status":"closed","ping_status":"closed","template":"","meta":{"footnotes":""},"class_list":["post-806","page","type-page","status-publish","hentry"],"_links":{"self":[{"href":"https:\/\/telealumni.fi\/alumni\/wp-json\/wp\/v2\/pages\/806","targetHints":{"allow":["GET"]}}],"collection":[{"href":"https:\/\/telealumni.fi\/alumni\/wp-json\/wp\/v2\/pages"}],"about":[{"href":"https:\/\/telealumni.fi\/alumni\/wp-json\/wp\/v2\/types\/page"}],"author":[{"embeddable":true,"href":"https:\/\/telealumni.fi\/alumni\/wp-json\/wp\/v2\/users\/3"}],"replies":[{"embeddable":true,"href":"https:\/\/telealumni.fi\/alumni\/wp-json\/wp\/v2\/comments?post=806"}],"version-history":[{"count":5,"href":"https:\/\/telealumni.fi\/alumni\/wp-json\/wp\/v2\/pages\/806\/revisions"}],"predecessor-version":[{"id":816,"href":"https:\/\/telealumni.fi\/alumni\/wp-json\/wp\/v2\/pages\/806\/revisions\/816"}],"up":[{"embeddable":true,"href":"https:\/\/telealumni.fi\/alumni\/wp-json\/wp\/v2\/pages\/16"}],"wp:attachment":[{"href":"https:\/\/telealumni.fi\/alumni\/wp-json\/wp\/v2\/media?parent=806"}],"curies":[{"name":"wp","href":"https:\/\/api.w.org\/{rel}","templated":true}]}}