{"id":687,"date":"2017-07-05T19:54:34","date_gmt":"2017-07-05T16:54:34","guid":{"rendered":"https:\/\/telealumni.fi\/alumni\/?page_id=687"},"modified":"2017-07-13T15:44:38","modified_gmt":"2017-07-13T12:44:38","slug":"kesatapaaminen-ja-vuosikokous-2017","status":"publish","type":"page","link":"https:\/\/telealumni.fi\/alumni\/tapahtumat\/kesatapaaminen-ja-vuosikokous-2017\/","title":{"rendered":"Kes\u00e4tapaaminen ja vuosikokous 2017"},"content":{"rendered":"<h3><strong>Kes\u00e4tapaaminen ja vuosikokous 2017<\/strong><\/h3>\n<p>Kes\u00e4n m\u00f6kkiviikonloppu ja vuosikokous j\u00e4rjestet\u00e4\u00e4n perinteen mukaan elokuun toinen kokonainen viikonloppu, joka t\u00e4ll\u00e4 kertaa ajoittuu ajanjaksolle 11.-13.8.2017.<\/p>\n<p>Paikaksi t\u00e4ll\u00e4 kertaa on valikoitunut <a href=\"https:\/\/www.lomarengas.fi\/mokit\/hameenlinna-hokajarvi-erakamppa-10656?siteName=lomarengas\">Hokaj\u00e4rven ER\u00c4K\u00c4MPP\u00c4 , H\u00e4meenlinna <\/a>(huom on aika sivussa H\u00e4meenlinnan keskustasta).<\/p>\n<p>M\u00f6kki on k\u00e4ytett\u00e4viss\u00e4mme perjantai kello 17 -sunnuntai kello 12.<\/p>\n<p>Vuosikokous pidet\u00e4\u00e4n lauantaina ~14.00. Kokouksen p\u00e4\u00e4ttymisen j\u00e4lkeen j\u00e4rjestet\u00e4\u00e4n perinteik\u00e4s juomakellunta, joten omaa kelluntav\u00e4linett\u00e4 on hyv\u00e4 ottaa mukaan.<\/p>\n<p>Poikkeuksena viime vuosiin ovat TeLEl\u00e4iset tervetulleita jo perjantaista l\u00e4htien viett\u00e4m\u00e4\u00e4n aikaa kanssamme.<\/p>\n<p>Kyytien sopimista varten oleva doodle:\u00a0https:\/\/beta.doodle.com\/poll\/ymg3np5pcb27d7ev<\/p>\n<p>&nbsp;<\/p>\n","protected":false},"excerpt":{"rendered":"<p>Kes\u00e4tapaaminen ja vuosikokous 2017 Kes\u00e4n m\u00f6kkiviikonloppu ja vuosikokous j\u00e4rjestet\u00e4\u00e4n perinteen mukaan elokuun toinen kokonainen viikonloppu, joka t\u00e4ll\u00e4 kertaa ajoittuu ajanjaksolle 11.-13.8.2017. Paikaksi t\u00e4ll\u00e4 kertaa on valikoitunut Hokaj\u00e4rven ER\u00c4K\u00c4MPP\u00c4 , H\u00e4meenlinna (huom on aika sivussa H\u00e4meenlinnan keskustasta). M\u00f6kki on k\u00e4ytett\u00e4viss\u00e4mme perjantai kello 17 -sunnuntai kello 12. Vuosikokous pidet\u00e4\u00e4n lauantaina ~14.00. Kokouksen p\u00e4\u00e4ttymisen j\u00e4lkeen j\u00e4rjestet\u00e4\u00e4n perinteik\u00e4s juomakellunta, &hellip; <a href=\"https:\/\/telealumni.fi\/alumni\/tapahtumat\/kesatapaaminen-ja-vuosikokous-2017\/\" class=\"more-link\">Continue reading <span class=\"screen-reader-text\">Kes\u00e4tapaaminen ja vuosikokous 2017<\/span><\/a><\/p>\n","protected":false},"author":5,"featured_media":0,"parent":16,"menu_order":1,"comment_status":"closed","ping_status":"closed","template":"","meta":{"footnotes":""},"class_list":["post-687","page","type-page","status-publish","hentry"],"_links":{"self":[{"href":"https:\/\/telealumni.fi\/alumni\/wp-json\/wp\/v2\/pages\/687","targetHints":{"allow":["GET"]}}],"collection":[{"href":"https:\/\/telealumni.fi\/alumni\/wp-json\/wp\/v2\/pages"}],"about":[{"href":"https:\/\/telealumni.fi\/alumni\/wp-json\/wp\/v2\/types\/page"}],"author":[{"embeddable":true,"href":"https:\/\/telealumni.fi\/alumni\/wp-json\/wp\/v2\/users\/5"}],"replies":[{"embeddable":true,"href":"https:\/\/telealumni.fi\/alumni\/wp-json\/wp\/v2\/comments?post=687"}],"version-history":[{"count":4,"href":"https:\/\/telealumni.fi\/alumni\/wp-json\/wp\/v2\/pages\/687\/revisions"}],"predecessor-version":[{"id":694,"href":"https:\/\/telealumni.fi\/alumni\/wp-json\/wp\/v2\/pages\/687\/revisions\/694"}],"up":[{"embeddable":true,"href":"https:\/\/telealumni.fi\/alumni\/wp-json\/wp\/v2\/pages\/16"}],"wp:attachment":[{"href":"https:\/\/telealumni.fi\/alumni\/wp-json\/wp\/v2\/media?parent=687"}],"curies":[{"name":"wp","href":"https:\/\/api.w.org\/{rel}","templated":true}]}}