{"id":661,"date":"2017-04-21T18:48:01","date_gmt":"2017-04-21T15:48:01","guid":{"rendered":"https:\/\/telealumni.fi\/alumni\/?page_id=661"},"modified":"2017-04-21T18:48:01","modified_gmt":"2017-04-21T15:48:01","slug":"wappuruokailu-2017","status":"publish","type":"page","link":"https:\/\/telealumni.fi\/alumni\/tapahtumat\/wappuruokailu-2017\/","title":{"rendered":"Wappuruokailu 2017"},"content":{"rendered":"<h1>Wappuruokailu <a class=\"ics_link\" href=\"\/alumni\/ical.php?date=20170501&amp;startTime=1500&amp;endTime=1700&amp;subject=Wappuruokailu Grillsonissa&amp;desc=TeLEalumni ry:n wappuruokailu 2017\"><img loading=\"lazy\" decoding=\"async\" class=\"ics_image\" title=\"Lis\u00e4\u00e4 tapahtuma kalenteriisi\" src=\"\/alumni\/ical-button.png\" alt=\"\" width=\"48\" height=\"48\" \/><\/a><\/h1>\n<p>Perinteinen wappuruokailu j\u00e4rjestet\u00e4\u00e4n t\u00e4n\u00e4 vuonna <a href=\"http:\/\/www.ravintolamaailma.fi\/grillsson\" target=\"_blank\">Grillsonissa<\/a> 1.5. klo 15.00 alkaen. Pyyd\u00e4mme ilmoittautumaan <a href=\"http:\/\/doodle.com\/poll\/d2b6gh3k94g9w7wa\" target=\"_blank\">doodle<\/a> lomakkeella. Paikkoja on alustavasti varattu 20 kpl. Pyrimme saamaan lis\u00e4paikkoja tarvittaessa.<\/p>\n","protected":false},"excerpt":{"rendered":"<p>Wappuruokailu Perinteinen wappuruokailu j\u00e4rjestet\u00e4\u00e4n t\u00e4n\u00e4 vuonna Grillsonissa 1.5. klo 15.00 alkaen. Pyyd\u00e4mme ilmoittautumaan doodle lomakkeella. Paikkoja on alustavasti varattu 20 kpl. Pyrimme saamaan lis\u00e4paikkoja tarvittaessa.<\/p>\n","protected":false},"author":3,"featured_media":0,"parent":16,"menu_order":0,"comment_status":"closed","ping_status":"closed","template":"","meta":{"footnotes":""},"class_list":["post-661","page","type-page","status-publish","hentry"],"_links":{"self":[{"href":"https:\/\/telealumni.fi\/alumni\/wp-json\/wp\/v2\/pages\/661","targetHints":{"allow":["GET"]}}],"collection":[{"href":"https:\/\/telealumni.fi\/alumni\/wp-json\/wp\/v2\/pages"}],"about":[{"href":"https:\/\/telealumni.fi\/alumni\/wp-json\/wp\/v2\/types\/page"}],"author":[{"embeddable":true,"href":"https:\/\/telealumni.fi\/alumni\/wp-json\/wp\/v2\/users\/3"}],"replies":[{"embeddable":true,"href":"https:\/\/telealumni.fi\/alumni\/wp-json\/wp\/v2\/comments?post=661"}],"version-history":[{"count":1,"href":"https:\/\/telealumni.fi\/alumni\/wp-json\/wp\/v2\/pages\/661\/revisions"}],"predecessor-version":[{"id":662,"href":"https:\/\/telealumni.fi\/alumni\/wp-json\/wp\/v2\/pages\/661\/revisions\/662"}],"up":[{"embeddable":true,"href":"https:\/\/telealumni.fi\/alumni\/wp-json\/wp\/v2\/pages\/16"}],"wp:attachment":[{"href":"https:\/\/telealumni.fi\/alumni\/wp-json\/wp\/v2\/media?parent=661"}],"curies":[{"name":"wp","href":"https:\/\/api.w.org\/{rel}","templated":true}]}}