{"id":619,"date":"2017-03-24T20:53:14","date_gmt":"2017-03-24T18:53:14","guid":{"rendered":"https:\/\/telealumni.fi\/alumni\/?page_id=619"},"modified":"2017-05-22T17:45:20","modified_gmt":"2017-05-22T14:45:20","slug":"realitysauna","status":"publish","type":"page","link":"https:\/\/telealumni.fi\/alumni\/tapahtumat\/realitysauna\/","title":{"rendered":"Reality-sauna"},"content":{"rendered":"<h1>Reality-sauna <a class=\"ics_link\" href=\"\/alumni\/ical.php?date=20170524&amp;startTime=1700&amp;endTime=2300&amp;subject=Reality-sauna&amp;desc=TeLEalumni ry:n Reality-sauna\"><img loading=\"lazy\" decoding=\"async\" class=\"ics_image\" title=\"Lis\u00e4\u00e4 tapahtuma kalenteriisi\" src=\"\/alumni\/ical-button.png\" alt=\"\" width=\"48\" height=\"48\" \/><\/a><\/h1>\n<p>T\u00e4n\u00e4 vuonna TeLEalumnin perinteinen sauna j\u00e4rjestet\u00e4\u00e4n <span style=\"color: #ff0000;\">keskiviikkona 24.5.<\/span> VR\/AR teemalla.<\/p>\n<h4>Tilaisuuden alustava ohjelma:<\/h4>\n<ul style=\"list-style-type: square;\">\n<li><strong>17:00<\/strong> Kampusklubin ovet aukeavat, ruokatarjoilu alkaa<\/li>\n<li><strong>17:20<\/strong> Tilaisuuden avaus &#8211; <em>Juha Pajula, TeLEalumni Ry<\/em><\/li>\n<li><strong>17:30<\/strong> Virtuaali- ja lis\u00e4tyn todellisuuden konseptit ja opiskelumahdollisuudet TTY:ll\u00e4 &#8211; <em>Olli Suominen, Signaalink\u00e4sittelyn laboratorio, TTY<\/em><\/li>\n<li><strong>18:00<\/strong> Et\u00e4ty\u00f6skentely ja -l\u00e4sn\u00e4olo virtuaalitodellisuuden avulla; haasteet ja teknologiat &#8211; <em>Lauri Kortevaara, Intopalo Oy<\/em><\/li>\n<li><strong>18:30<\/strong> Kuinka virtuaalitodellisuus parantaa el\u00e4m\u00e4\u00e4mme? &#8211; <em>Kari-Pekka Lammi, Leonidas Oy<\/em><\/li>\n<li><strong>19:00<\/strong> Tauko, kahvia ja pikku makeaa<\/li>\n<li><strong>19:30<\/strong> Demoja, VR laitteisiin tutustumista<\/li>\n<li><strong>20:30<\/strong> Ohjelma Kampusklubilla p\u00e4\u00e4ttyy, siirtyminen Hermia 1 kattosaunalle<\/li>\n<li><strong>21:00<\/strong> Kampusklubi sulkeutuu<\/li>\n<li><strong>21:00<\/strong> Vapaamuotoista ohjelmaa Hermia 1 kattosaunalla<\/li>\n<\/ul>\n<p>Ilmoittaudu saunalle alla olevalla lomakkeella. <strong><span style=\"color: #ff0000;\">22.5.2017 klo 13:59<\/span> menness\u00e4 tulleet ilmottautumiset huomioidaan tarjoiluissa<\/strong>.<\/p>\n<div class=\"caldera-grid\" id=\"caldera_form_1\" data-cf-ver=\"1.9.7\" data-cf-form-id=\"CF58d573b262b93\"><div id=\"caldera_notices_1\" data-spinner=\"https:\/\/telealumni.fi\/alumni\/wp-admin\/images\/spinner.gif\"><\/div><form data-instance=\"1\" class=\"CF58d573b262b93 caldera_forms_form cfajax-trigger\" method=\"POST\" enctype=\"multipart\/form-data\" id=\"CF58d573b262b93_1\" data-form-id=\"CF58d573b262b93\" aria-label=\"realitysauna\" data-target=\"#caldera_notices_1\" data-template=\"#cfajax_CF58d573b262b93-tmpl\" data-cfajax=\"CF58d573b262b93\" data-load-element=\"_parent\" data-load-class=\"cf_processing\" data-post-disable=\"0\" data-action=\"cf_process_ajax_submit\" data-request=\"https:\/\/telealumni.fi\/alumni\/cf-api\/CF58d573b262b93\" data-hiderows=\"true\">\r\n<input type=\"hidden\" id=\"_cf_verify_CF58d573b262b93\" name=\"_cf_verify\" value=\"91c2da334c\"  data-nonce-time=\"1777043209\" \/><input type=\"hidden\" name=\"_wp_http_referer\" value=\"\/alumni\/wp-json\/wp\/v2\/pages\/619\" \/><div id=\"cf2-CF58d573b262b93_1\"><\/div><input type=\"hidden\" name=\"_cf_frm_id\" value=\"CF58d573b262b93\">\r\n<input type=\"hidden\" name=\"_cf_frm_ct\" value=\"1\">\r\n<input type=\"hidden\" name=\"cfajax\" value=\"CF58d573b262b93\">\r\n<input type=\"hidden\" name=\"_cf_cr_pst\" value=\"619\">\r\n<div class=\"hide\" style=\"display:none; overflow:hidden;height:0;width:0;\">\r\n<label>S\u00e4hk\u00f6postiosoite<\/label><input type=\"text\" name=\"email\" value=\"\" autocomplete=\"off\">\r\n<\/div><div id=\"CF58d573b262b93_1-row-1\"  class=\"row  single\"><div  class=\"col-sm-12  single\"><div data-field-wrapper=\"fld_1470411\" class=\"form-group\" id=\"fld_1470411_1-wrap\">\r\n\t<label id=\"fld_1470411Label\" for=\"fld_1470411_1\" class=\"control-label\">Nimi <span aria-hidden=\"true\" role=\"presentation\" class=\"field_required\" style=\"color:#ee0000;\">*<\/span><\/label>\r\n\t<div class=\"\">\r\n\t\t<input   required type=\"text\" data-field=\"fld_1470411\" class=\" form-control\" id=\"fld_1470411_1\" name=\"fld_1470411\" value=\"\" data-type=\"text\" aria-required=\"true\"   aria-labelledby=\"fld_1470411Label\" >\t\t\t<\/div>\r\n<\/div>\r\n<div data-field-wrapper=\"fld_7181251\" class=\"form-group\" id=\"fld_7181251_1-wrap\">\r\n\t<label id=\"fld_7181251Label\" for=\"fld_7181251_1\" class=\"control-label\">S\u00e4hk\u00f6postiosoite <span aria-hidden=\"true\" role=\"presentation\" class=\"field_required\" style=\"color:#ee0000;\">*<\/span><\/label>\r\n\t<div class=\"\">\r\n\t\t<input   required type=\"email\" data-field=\"fld_7181251\" class=\" form-control\" id=\"fld_7181251_1\" name=\"fld_7181251\" value=\"\" data-type=\"email\" aria-required=\"true\"   aria-labelledby=\"fld_7181251Label\" >\t\t\t<\/div>\r\n<\/div>\r\n<div data-field-wrapper=\"fld_9259096\" class=\"form-group\" id=\"fld_9259096_1-wrap\">\r\n\t<label id=\"fld_9259096Label\" for=\"fld_9259096_1\" class=\"control-label\">J\u00e4senyys <span aria-hidden=\"true\" role=\"presentation\" class=\"field_required\" style=\"color:#ee0000;\">*<\/span><\/label>\r\n\t<div class=\"\">\r\n\t\t\t\t\t\t\t\t\t\t\t<div class=\"checkbox\">\n\t\t\t\t\n                <label                         for=\"fld_9259096_1_opt1142445\"\n                >\n                            <input\n                                data-parsley-required=\"true\" data-parsley-group=\"fld_9259096_1\" data-parsley-multiple=\"fld_9259096_1\"                                type=\"checkbox\"\n                                data-label=\"TeLEn j\u00e4sen\"\n                                data-field=\"fld_9259096\"\n                                id=\"fld_9259096_1_opt1142445\"\n                                class=\"fld_9259096_1 option-required\"\n                                name=\"fld_9259096[opt1142445]\"\n                                value=\"TeLEn j\u00e4sen\"\n                                                                data-type=\"checkbox\"\n                                data-checkbox-field=\"fld_9259096_1\"\n                                                                data-calc-value=\"TeLEn j\u00e4sen\"\n                            >\n                    TeLEn j\u00e4sen                <\/label>\n\n                \t\t\t\t\t<\/div>\n\t\t\t\t\t\t\t\t\t\t\t\t\t\t\t\t\t<div class=\"checkbox\">\n\t\t\t\t\n                <label                         for=\"fld_9259096_1_opt1551125\"\n                >\n                            <input\n                                data-parsley-required=\"true\" data-parsley-group=\"fld_9259096_1\" data-parsley-multiple=\"fld_9259096_1\"                                type=\"checkbox\"\n                                data-label=\"TeLEalumnin j\u00e4sen\"\n                                data-field=\"fld_9259096\"\n                                id=\"fld_9259096_1_opt1551125\"\n                                class=\"fld_9259096_1 option-required\"\n                                name=\"fld_9259096[opt1551125]\"\n                                value=\"TeLEalumnin j\u00e4sen\"\n                                                                data-type=\"checkbox\"\n                                data-checkbox-field=\"fld_9259096_1\"\n                                                                data-calc-value=\"TeLEalumnin j\u00e4sen\"\n                            >\n                    TeLEalumnin j\u00e4sen                <\/label>\n\n                \t\t\t\t\t<\/div>\n\t\t\t\t\t\t\t\t\t\t\t\t\t\t\t\t\t<div class=\"checkbox\">\n\t\t\t\t\n                <label                         for=\"fld_9259096_1_opt1351722\"\n                >\n                            <input\n                                data-parsley-required=\"true\" data-parsley-group=\"fld_9259096_1\" data-parsley-multiple=\"fld_9259096_1\"                                type=\"checkbox\"\n                                data-label=\"Edustan muuta j\u00e4rjest\u00e4j\u00e4tahoa\"\n                                data-field=\"fld_9259096\"\n                                id=\"fld_9259096_1_opt1351722\"\n                                class=\"fld_9259096_1 option-required\"\n                                name=\"fld_9259096[opt1351722]\"\n                                value=\"Edustan muuta j\u00e4rjest\u00e4j\u00e4tahoa\"\n                                                                data-type=\"checkbox\"\n                                data-checkbox-field=\"fld_9259096_1\"\n                                                                data-calc-value=\"Edustan muuta j\u00e4rjest\u00e4j\u00e4tahoa\"\n                            >\n                    Edustan muuta j\u00e4rjest\u00e4j\u00e4tahoa                <\/label>\n\n                \t\t\t\t\t<\/div>\n\t\t\t\t\t\t\t\t\t\t\t<\/div>\r\n<\/div>\r\n<div data-field-wrapper=\"fld_4984258\" class=\"form-group\" id=\"fld_4984258_1-wrap\">\r\n\t<label id=\"fld_4984258Label\" for=\"fld_4984258_1\" class=\"control-label\">Ruoka-aineallergiat<\/label>\r\n\t<div class=\"\">\r\n\t\t<textarea name=\"fld_4984258\" value=\"\" data-field=\"fld_4984258\" class=\"form-control\" id=\"fld_4984258_1\" rows=\"4\"    aria-labelledby=\"fld_4984258Label\" ><\/textarea>\n\t\t\t<\/div>\r\n<\/div>\r\n<div data-field-wrapper=\"fld_1934617\" class=\"form-group\" id=\"fld_1934617_1-wrap\">\r\n\t<label id=\"fld_1934617Label\" for=\"fld_1934617_1\" class=\"control-label\">Kysymyksi\u00e4 puhujille<\/label>\r\n\t<div class=\"\">\r\n\t\t<textarea name=\"fld_1934617\" value=\"\" data-field=\"fld_1934617\" class=\"form-control\" id=\"fld_1934617_1\" rows=\"4\"    aria-labelledby=\"fld_1934617Label\" ><\/textarea>\n\t\t\t<\/div>\r\n<\/div>\r\n<div data-field-wrapper=\"fld_3788794\" class=\"form-group\" id=\"fld_3788794_1-wrap\">\r\n<div class=\"\">\r\n\t<input  class=\"btn btn-default\" type=\"submit\" name=\"fld_3788794\" id=\"fld_3788794_1\" value=\"L\u00e4het\u00e4\" data-field=\"fld_3788794\"  >\n<\/div>\r\n<\/div>\r\n\t<input class=\"button_trigger_1\" type=\"hidden\" name=\"fld_3788794\" id=\"fld_3788794_1_btn\" value=\"\" data-field=\"fld_3788794\"  \/>\n<\/div><\/div><\/form>\r\n<\/div>\r\n\n","protected":false},"excerpt":{"rendered":"<p>Reality-sauna T\u00e4n\u00e4 vuonna TeLEalumnin perinteinen sauna j\u00e4rjestet\u00e4\u00e4n keskiviikkona 24.5. VR\/AR teemalla. Tilaisuuden alustava ohjelma: 17:00 Kampusklubin ovet aukeavat, ruokatarjoilu alkaa 17:20 Tilaisuuden avaus &#8211; Juha Pajula, TeLEalumni Ry 17:30 Virtuaali- ja lis\u00e4tyn todellisuuden konseptit ja opiskelumahdollisuudet TTY:ll\u00e4 &#8211; Olli Suominen, Signaalink\u00e4sittelyn laboratorio, TTY 18:00 Et\u00e4ty\u00f6skentely ja -l\u00e4sn\u00e4olo virtuaalitodellisuuden avulla; haasteet ja teknologiat &#8211; Lauri Kortevaara, &hellip; <a href=\"https:\/\/telealumni.fi\/alumni\/tapahtumat\/realitysauna\/\" class=\"more-link\">Continue reading <span class=\"screen-reader-text\">Reality-sauna<\/span><\/a><\/p>\n","protected":false},"author":2,"featured_media":0,"parent":16,"menu_order":0,"comment_status":"closed","ping_status":"closed","template":"","meta":{"footnotes":""},"class_list":["post-619","page","type-page","status-publish","hentry"],"_links":{"self":[{"href":"https:\/\/telealumni.fi\/alumni\/wp-json\/wp\/v2\/pages\/619","targetHints":{"allow":["GET"]}}],"collection":[{"href":"https:\/\/telealumni.fi\/alumni\/wp-json\/wp\/v2\/pages"}],"about":[{"href":"https:\/\/telealumni.fi\/alumni\/wp-json\/wp\/v2\/types\/page"}],"author":[{"embeddable":true,"href":"https:\/\/telealumni.fi\/alumni\/wp-json\/wp\/v2\/users\/2"}],"replies":[{"embeddable":true,"href":"https:\/\/telealumni.fi\/alumni\/wp-json\/wp\/v2\/comments?post=619"}],"version-history":[{"count":14,"href":"https:\/\/telealumni.fi\/alumni\/wp-json\/wp\/v2\/pages\/619\/revisions"}],"predecessor-version":[{"id":677,"href":"https:\/\/telealumni.fi\/alumni\/wp-json\/wp\/v2\/pages\/619\/revisions\/677"}],"up":[{"embeddable":true,"href":"https:\/\/telealumni.fi\/alumni\/wp-json\/wp\/v2\/pages\/16"}],"wp:attachment":[{"href":"https:\/\/telealumni.fi\/alumni\/wp-json\/wp\/v2\/media?parent=619"}],"curies":[{"name":"wp","href":"https:\/\/api.w.org\/{rel}","templated":true}]}}