{"id":568,"date":"2016-11-09T23:21:15","date_gmt":"2016-11-09T21:21:15","guid":{"rendered":"http:\/\/telealumni.fi\/alumni\/?page_id=568"},"modified":"2016-11-09T23:26:39","modified_gmt":"2016-11-09T21:26:39","slug":"itsenaisyyspaivan-ruokailu-2016","status":"publish","type":"page","link":"https:\/\/telealumni.fi\/alumni\/tapahtumat\/itsenaisyyspaivan-ruokailu-2016\/","title":{"rendered":"Itsen\u00e4isyysp\u00e4iv\u00e4n ruokailu 2016"},"content":{"rendered":"<h1>Itsen\u00e4isyysp\u00e4iv\u00e4n ruokailu 2016<a class=\"ics_link\" href=\"\/alumni\/ical.php?date=20161206&amp;startTime=1500&amp;endTime=1700&amp;subject=Itsen\u00e4isyysp\u00e4iv\u00e4n ruokailu&amp;desc=TeLEalumni ry:n itsen\u00e4isyysp\u00e4iv\u00e4n ruokailu 2016\"><img loading=\"lazy\" decoding=\"async\" class=\"ics_image alignnone\" title=\"Lis\u00e4\u00e4 tapahtuma kalenteriisi\" src=\"\/alumni\/ical-button.png\" width=\"48\" height=\"48\" \/><\/a><\/h1>\n<p>Perinteinen Itsen\u00e4isyysp\u00e4iv\u00e4n ruokailu j\u00e4rjestet\u00e4\u00e4n t\u00e4ll\u00e4 kertaa <a href=\"http:\/\/www.plevna.fi\/\">Panimoravintola Plevnassa<\/a>. P\u00f6yt\u00e4varaus on tehty\u00a0 tiistaille 6.12. kello 15.00. Paikkoja on varattu alustavasti 20. Ilmoittaudu <a href=\"http:\/\/doodle.com\/poll\/bqrhigymeitmp3i7\">doodlessa<\/a>.<\/p>\n","protected":false},"excerpt":{"rendered":"<p>Itsen\u00e4isyysp\u00e4iv\u00e4n ruokailu 2016 Perinteinen Itsen\u00e4isyysp\u00e4iv\u00e4n ruokailu j\u00e4rjestet\u00e4\u00e4n t\u00e4ll\u00e4 kertaa Panimoravintola Plevnassa. P\u00f6yt\u00e4varaus on tehty\u00a0 tiistaille 6.12. kello 15.00. Paikkoja on varattu alustavasti 20. Ilmoittaudu doodlessa.<\/p>\n","protected":false},"author":3,"featured_media":0,"parent":16,"menu_order":0,"comment_status":"closed","ping_status":"closed","template":"","meta":{"footnotes":""},"class_list":["post-568","page","type-page","status-publish","hentry"],"_links":{"self":[{"href":"https:\/\/telealumni.fi\/alumni\/wp-json\/wp\/v2\/pages\/568","targetHints":{"allow":["GET"]}}],"collection":[{"href":"https:\/\/telealumni.fi\/alumni\/wp-json\/wp\/v2\/pages"}],"about":[{"href":"https:\/\/telealumni.fi\/alumni\/wp-json\/wp\/v2\/types\/page"}],"author":[{"embeddable":true,"href":"https:\/\/telealumni.fi\/alumni\/wp-json\/wp\/v2\/users\/3"}],"replies":[{"embeddable":true,"href":"https:\/\/telealumni.fi\/alumni\/wp-json\/wp\/v2\/comments?post=568"}],"version-history":[{"count":2,"href":"https:\/\/telealumni.fi\/alumni\/wp-json\/wp\/v2\/pages\/568\/revisions"}],"predecessor-version":[{"id":572,"href":"https:\/\/telealumni.fi\/alumni\/wp-json\/wp\/v2\/pages\/568\/revisions\/572"}],"up":[{"embeddable":true,"href":"https:\/\/telealumni.fi\/alumni\/wp-json\/wp\/v2\/pages\/16"}],"wp:attachment":[{"href":"https:\/\/telealumni.fi\/alumni\/wp-json\/wp\/v2\/media?parent=568"}],"curies":[{"name":"wp","href":"https:\/\/api.w.org\/{rel}","templated":true}]}}