{"id":520,"date":"2016-08-27T00:12:24","date_gmt":"2016-08-26T21:12:24","guid":{"rendered":"http:\/\/telealumni.fi\/alumni\/?page_id=520"},"modified":"2017-02-12T21:58:34","modified_gmt":"2017-02-12T19:58:34","slug":"iot-sauna","status":"publish","type":"page","link":"https:\/\/telealumni.fi\/alumni\/tapahtumat\/iot-sauna\/","title":{"rendered":"IoT-sauna"},"content":{"rendered":"<h1>IoT-sauna <a class=\"ics_link\" href=\"\/alumni\/ical.php?date=20160923&amp;startTime=1700&amp;endTime=2300&amp;subject=IoT-sauna&amp;desc=TeLEalumni ry:n IoT-sauna\"><img loading=\"lazy\" decoding=\"async\" class=\"ics_image\" title=\"Lis\u00e4\u00e4 tapahtuma kalenteriisi\" src=\"\/alumni\/ical-button.png\" alt=\"\" width=\"48\" height=\"48\" \/><\/a><\/h1>\n<p>Tapahtuman videot on saatu editoitua ja seuraava sauna kolkuttaakin jo nurkan takana. Vuonna 2017 sauna j\u00e4rjestet\u00e4\u00e4n kev\u00e4tlukukaudella ja sen aiheena on VR\/AR-teknologiat. Ajankohta on en\u00e4\u00e4 hienos\u00e4\u00e4t\u00f6\u00e4 vailla ja puhujia saunalle haetaan parhaillaan. Mik\u00e4li kiinnostus saunalla esiintymiseen her\u00e4si, ota yhteytt\u00e4 hallitukseen.<\/p>\n<p>Viime syksyn saunan tunnelmia voi palautella mieleen valmiilla videoilla:<br \/>\n<iframe loading=\"lazy\" width=\"560\" height=\"315\" src=\"https:\/\/www.youtube.com\/embed\/videoseries?list=PL-oez-hZqDh4Ju13fZCtwCC12TiMQdM3m\" frameborder=\"0\" allowfullscreen><\/iframe><\/p>\n<p>Ensimm\u00e4isen aiheen keskusteluosuus:<br \/>\n<a href=\"https:\/\/www.youtube.com\/watch?v=ym3vCGC5-L0\" target=\"_blank\">https:\/\/www.youtube.com\/watch?v=ym3vCGC5-L0<\/a><\/p>\n<p>3D versiot puheista:<br \/>\n<iframe loading=\"lazy\" width=\"560\" height=\"315\" src=\"https:\/\/www.youtube.com\/embed\/videoseries?list=PL-oez-hZqDh4VVn9i6qfYNZUgAOh-UlSq\" frameborder=\"0\" allowfullscreen><\/iframe><\/p>\n<p>&nbsp;<\/p>\n<hr \/>\n<table style=\"height: 110px;\" width=\"435\">\n<tbody>\n<tr>\n<td><span style=\"font-size: 18pt;\"><strong>Aika:<\/strong> <\/span>Perjantai 23. Syyskuuta 2016 klo 17:30 alkaen<br \/>\n<span style=\"font-size: 18pt;\"><strong>Paikka:<\/strong> <\/span>TTYn Kampusklubi ja Teekkarisauna M\u00f6rrim\u00f6ykky Tampereen Hervannassa.<\/td>\n<\/tr>\n<\/tbody>\n<\/table>\n<ul>\n<li>Virallinen ohjelma keskittyy Internet of Things ilmi\u00f6n tuomiin haasteisiin perinteisen rennolla otteella<\/li>\n<li>Virallinen ohjelma j\u00e4rjestet\u00e4\u00e4n TTYn Kampusklubilla (Kampusareenan 5. kerros). Kulku Kampusklubille tapahtuu Kampusareenan ensimm\u00e4isest\u00e4 kerroksesta. Kampusklubille on rajoitetut kulkuoikeudet, joten 1. kerroksen hissill\u00e4 on j\u00e4rjest\u00e4v\u00e4 taho p\u00e4\u00e4st\u00e4m\u00e4ss\u00e4 osallistujia paikalle <b>klo 17:30-17:45<\/b>. <!--Muuna aikana ottakaa yhteytt\u00e4 <b>hl\u00f6 XXX, puh NNN<\/b> --><\/li>\n<\/ul>\n<ul>\n<li>Ohjelma (muutokset mahdollisia):<\/li>\n<\/ul>\n<p>17:00 &#8211; 17:30 <a href=\"http:\/\/www.tut.fi\/fi\/yrityksille\/palvelut-pk-yrityksille\/tutlab\/index.htm\" target=\"_blank\">TUTLab<\/a>-esittelykierros (yhteisl\u00e4ht\u00f6 Kampusareenan 1. kerroksen aulasta)<br \/>\n17:30 &#8211; 17:50 Saapuminen <a href=\"http:\/\/www.tut.fi\/fi\/kampusareena\/yrityksille\/kampusklubi\/index.htm\">Kampusklubille<\/a>, ruokatarjoilu alkaa<br \/>\n17:50 &#8211; 18:00 Juha Pajula, <a href=\"http:\/\/telealumni.cc.tut.fi\/\" target=\"_blank\">TeLEalumni ry<\/a>, Alkusanat<br \/>\n18:00 &#8211; 18:30 Antti Rantaeskola, <a href=\"http:\/\/company.nokia.com\/fi\/liiketoimintamme\/nokia-technologies\">Nokia\u00a0Technologies Oy<\/a>; Mist\u00e4 se &#8221;I&#8221; tulee IoT:iin?<br \/>\n18:30 &#8211; 18:45 Kahvia ja Pullaa !!!<br \/>\n18:45 &#8211; 19:15 Mikko Valkama, <a href=\"http:\/\/www.tut.fi\/fi\/tietoa-yliopistosta\/laitokset\/elektroniikka-ja-tietoliikennetekniikka\/index.htm\" target=\"_blank\">TLT TTY<\/a>; IoT, langaton tiedonsiirto ja 5G verkot<br \/>\n19:30 &#8211; 20:00 Kimmo Ahvenlampi <a href=\"http:\/\/www.tut.fi\/fi\/tietoa-yliopistosta\/laitokset\/signaalinkasittely\/\" target=\"_blank\">TeliaSonera Oyj<\/a>, IoT: toteutus, arvo ja mahdollisuudet<br \/>\n20:00 Yhteenveto<br \/>\n20:30 Siirtym\u00e4 Teekkarisaunalle, vapaamuotoinen illanvietto ja saunominen sek\u00e4 patailu alkaa !<\/p>\n<hr \/>\n<ul>\n<li><span style=\"color: #ff0000;\">Virallinen ohjelma j\u00e4rjestet\u00e4\u00e4n TeLEn ja TeLEalumnin j\u00e4senmaksun maksaneille j\u00e4senille <span style=\"font-size: 10pt;\"><em>(j\u00e4senyys tarkastetaan kampusklubille saavuttaessa)<\/em><\/span><\/span>\n<ul>\n<li><span style=\"font-size: 12pt;\">liity <a href=\"http:\/\/tele.cc.tut.fi\/tele\/index.php?page=jasenmaksu\" target=\"_blank\">TeLEn j\u00e4seneksi<\/a><\/span><\/li>\n<li><span style=\"font-size: 12pt;\">hae <a href=\"http:\/\/telealumni.fi\/liity\" target=\"_blank\">TeLEalumnin j\u00e4senyytt\u00e4<\/a><\/span><\/li>\n<\/ul>\n<\/li>\n<\/ul>\n<hr \/>\n<p>Ilmoittaudu IoT-saunalle<br \/>\n(20.09.2016 menness\u00e4):<\/p>\n<p>Ilmoittautuminen on p\u00e4\u00e4ttynyt!<\/p>\n","protected":false},"excerpt":{"rendered":"<p>IoT-sauna Tapahtuman videot on saatu editoitua ja seuraava sauna kolkuttaakin jo nurkan takana. Vuonna 2017 sauna j\u00e4rjestet\u00e4\u00e4n kev\u00e4tlukukaudella ja sen aiheena on VR\/AR-teknologiat. Ajankohta on en\u00e4\u00e4 hienos\u00e4\u00e4t\u00f6\u00e4 vailla ja puhujia saunalle haetaan parhaillaan. Mik\u00e4li kiinnostus saunalla esiintymiseen her\u00e4si, ota yhteytt\u00e4 hallitukseen. Viime syksyn saunan tunnelmia voi palautella mieleen valmiilla videoilla: Ensimm\u00e4isen aiheen keskusteluosuus: https:\/\/www.youtube.com\/watch?v=ym3vCGC5-L0 3D &hellip; <a href=\"https:\/\/telealumni.fi\/alumni\/tapahtumat\/iot-sauna\/\" class=\"more-link\">Continue reading <span class=\"screen-reader-text\">IoT-sauna<\/span><\/a><\/p>\n","protected":false},"author":2,"featured_media":0,"parent":16,"menu_order":0,"comment_status":"closed","ping_status":"closed","template":"","meta":{"footnotes":""},"class_list":["post-520","page","type-page","status-publish","hentry"],"_links":{"self":[{"href":"https:\/\/telealumni.fi\/alumni\/wp-json\/wp\/v2\/pages\/520","targetHints":{"allow":["GET"]}}],"collection":[{"href":"https:\/\/telealumni.fi\/alumni\/wp-json\/wp\/v2\/pages"}],"about":[{"href":"https:\/\/telealumni.fi\/alumni\/wp-json\/wp\/v2\/types\/page"}],"author":[{"embeddable":true,"href":"https:\/\/telealumni.fi\/alumni\/wp-json\/wp\/v2\/users\/2"}],"replies":[{"embeddable":true,"href":"https:\/\/telealumni.fi\/alumni\/wp-json\/wp\/v2\/comments?post=520"}],"version-history":[{"count":14,"href":"https:\/\/telealumni.fi\/alumni\/wp-json\/wp\/v2\/pages\/520\/revisions"}],"predecessor-version":[{"id":617,"href":"https:\/\/telealumni.fi\/alumni\/wp-json\/wp\/v2\/pages\/520\/revisions\/617"}],"up":[{"embeddable":true,"href":"https:\/\/telealumni.fi\/alumni\/wp-json\/wp\/v2\/pages\/16"}],"wp:attachment":[{"href":"https:\/\/telealumni.fi\/alumni\/wp-json\/wp\/v2\/media?parent=520"}],"curies":[{"name":"wp","href":"https:\/\/api.w.org\/{rel}","templated":true}]}}