{"id":50,"date":"2015-10-08T01:49:46","date_gmt":"2015-10-07T22:49:46","guid":{"rendered":"http:\/\/telealumni.cc.tut.fi\/alumni\/?page_id=50"},"modified":"2015-10-22T23:05:51","modified_gmt":"2015-10-22T20:05:51","slug":"saannot","status":"publish","type":"page","link":"https:\/\/telealumni.fi\/alumni\/tietoa\/saannot\/","title":{"rendered":"S\u00e4\u00e4nn\u00f6t"},"content":{"rendered":"<h1>S\u00e4\u00e4nn\u00f6t<\/h1>\n<h4>Yhdistyksen nimi ja kotipaikka<\/h4>\n<p>1 \u00a7<\/p>\n<p style=\"padding-left: 30px;\">Yhdistyksen nimi on Tampereen\u00a0teknillisen yliopiston TeLEalumni ry ja sen kotipaikka on Tampere.<\/p>\n<h4>Tarkoitus ja toiminnan laatu<\/h4>\n<p>2 \u00a7<\/p>\n<p style=\"padding-left: 30px;\">Yhdistyksen tarkoituksena on yhdist\u00e4\u00e4 Tampereen teknillisen yliopiston (TTY, entinen TTKK) Signaalink\u00e4sittelyn ja tietoliikennetekniikan (SiTi) tai Tietoliikenne-elektroniikan (TLE) koulutusohjelmasta valmistuneita tai siihen kuuluneita muista koulutusohjelmista valmistuneita sek\u00e4 edist\u00e4\u00e4 signaalink\u00e4sittelyn ja tietoliikenteen opiskelijoiden ja ty\u00f6el\u00e4m\u00e4n v\u00e4list\u00e4 vuorovaikutusta.<\/p>\n<p>3 \u00a7<\/p>\n<p style=\"padding-left: 30px;\">Tarkoituksensa toteuttamiseksi yhdistys j\u00e4rjest\u00e4\u00e4 yritysvierailuja, infotilaisuuksia, koulutusta, kokouksia ja muuta vastaavaa toimintaa sek\u00e4 tarjoaa asiantuntemusta ty\u00f6el\u00e4m\u00e4st\u00e4 Tampereen teknillisen yliopiston Signaalink\u00e4sittelyn ja tietoliikennetekniikan opiskelijoille.<\/p>\n<p>4 \u00a7<\/p>\n<p style=\"padding-left: 30px;\">Toimintansa\u00a0tukemiseksi yhdistys voi harjoittaa julkaisutoimintaa, j\u00e4rjest\u00e4\u00e4 huvi- ja koulutustilaisuuksia, ottaa vastaan lahjoituksia ja testamentteja, omistaa toimintaansa varten tarpeellista kiinte\u00e4\u00e4 ja irtainta omaisuutta sek\u00e4\u00a0harjoittaa sellaista ansiotoimintaa, joka liittyy v\u00e4litt\u00f6m\u00e4sti s\u00e4\u00e4nn\u00f6iss\u00e4 m\u00e4\u00e4r\u00e4tyn tarkoituksen toteuttamiseen.<\/p>\n<h4>J\u00e4senet<\/h4>\n<p>5 \u00a7<\/p>\n<p style=\"padding-left: 30px;\">Yhdistykseen varsinaiseksi j\u00e4seneksi voidaan hyv\u00e4ksy\u00e4 henkil\u00f6, joka hyv\u00e4ksyy yhdistyksen tarkoituksen ja on opiskellut Tampereen teknillisen yliopiston Signaalink\u00e4sittelyn ja tietoliikennetekniikan tai Tietoliikenne-elektroniikan koulutusohjelmassa tai muuten on kiinnostunut TeLEalumni ry toiminnan tukemisesta<\/p>\n<p>6 \u00a7<\/p>\n<p style=\"padding-left: 30px;\">Kannattavaksi j\u00e4seneksi voidaan hyv\u00e4ksy\u00e4 yksityinen henkil\u00f6 tai oikeuskelpoinen yhteis\u00f6, joka haluaa tukea yhdistyksen tarkoitusta ja toimintaa.<\/p>\n<p>7 \u00a7<\/p>\n<p style=\"padding-left: 30px;\">Varsinaiset j\u00e4senet ja kannattavat j\u00e4senet hyv\u00e4ksyy hakemuksesta yhdistyksen hallitus.<\/p>\n<p>8 \u00a7<\/p>\n<p style=\"padding-left: 30px;\">Kunniaj\u00e4seneksi voidaan hallituksen esityksest\u00e4 yhdistyksen kokouksessa kutsua henkil\u00f6, joka on huomattavasti edist\u00e4nyt ja tukenut yhdistyksen toimintaa.<\/p>\n<h4>J\u00e4senen eroaminen ja erottaminen<\/h4>\n<p>9 \u00a7<\/p>\n<p style=\"padding-left: 30px;\">J\u00e4senell\u00e4 on oikeus erota yhdistyksest\u00e4 ilmoittamalla siit\u00e4 kirjallisesti hallitukselle tai sen puheenjohtajalle taikka ilmoittamalla erosta yhdistyksen kokouksessa\u00a0merkitt\u00e4v\u00e4ksi p\u00f6yt\u00e4kirjaan.<\/p>\n<p>10 \u00a7<\/p>\n<p style=\"padding-left: 30px;\">Hallitus voi erottaa j\u00e4senen yhdistyksest\u00e4, jos j\u00e4sen on j\u00e4tt\u00e4nyt er\u00e4\u00e4ntyneen j\u00e4senmaksunsa maksamatta tai on muuten j\u00e4tt\u00e4nyt t\u00e4ytt\u00e4m\u00e4tt\u00e4 ne velvoitukset, joihin h\u00e4n on yhdistykseen liittym\u00e4ll\u00e4 sitoutunut tai on menettelyll\u00e4\u00e4n yhdistyksess\u00e4 tai sen ulkopuolella huomattavasti vahingoittanut yhdistyst\u00e4 tai ei en\u00e4\u00e4 t\u00e4yt\u00e4 laissa taikka yhdistyksen s\u00e4\u00e4nn\u00f6iss\u00e4 mainittuja j\u00e4senyyden ehtoja.<\/p>\n<h4>Liittymis- ja j\u00e4senmaksu<\/h4>\n<p>11 \u00a7<\/p>\n<p style=\"padding-left: 30px;\">Yhdistyksen liittymis- ja j\u00e4senmaksuista p\u00e4\u00e4tt\u00e4\u00e4 yhdistyksen vuosikokous.<\/p>\n<h4>Hallitus<\/h4>\n<p>12 \u00a7<\/p>\n<p style=\"padding-left: 30px;\">Yhdistyksen asioita hoitaa vuosikokouksessa valittu hallitus. Hallitukseen kuuluu puheenjohtaja ja v\u00e4hint\u00e4\u00e4n kaksi (2) ja enint\u00e4\u00e4n kuusi (6) muuta j\u00e4sent\u00e4.<\/p>\n<p>13 \u00a7<\/p>\n<p style=\"padding-left: 30px;\">Hallituksen toimikausi on kalenterivuosi.<\/p>\n<p>14 \u00a7<\/p>\n<p style=\"padding-left: 30px;\">Hallitus kokoontuu puheenjohtajan tai h\u00e4nen estyneen\u00e4 ollessaan varapuheenjohtajan kutsusta, kun he katsovat siihen olevan aihetta tai kun v\u00e4hint\u00e4\u00e4n kaksi hallituksen j\u00e4senist\u00e4 sit\u00e4 vaatii.<\/p>\n<p>15 \u00a7<\/p>\n<p style=\"padding-left: 30px;\">Hallitus on p\u00e4\u00e4t\u00f6svaltainen, kun l\u00e4sn\u00e4 on v\u00e4hint\u00e4\u00e4n kaksi hallituksen j\u00e4sent\u00e4, joista toinen on hallituksen puheenjohtaja tai varapuheenjohtaja. \u00c4\u00e4nestykset ratkaistaan yksinkertaisella \u00e4\u00e4nten enemmist\u00f6ll\u00e4. \u00c4\u00e4nten menness\u00e4 tasan ratkaisee puheenjohtajan \u00e4\u00e4ni, vaaleissa kuitenkin arpa.<\/p>\n<h4>Yhdistyksen nimen kirjoittaminen<\/h4>\n<p>16 \u00a7<\/p>\n<p style=\"padding-left: 30px;\">Yhdistyksen nimen kirjoittaa puheenjohtaja tai kaksi hallituksen j\u00e4sent\u00e4 yhdess\u00e4.<\/p>\n<h4>Tilikausi ja tilintarkastus<\/h4>\n<p>17 \u00a7<\/p>\n<p style=\"padding-left: 30px;\">Yhdistyksen tilikausi on kalenterivuosi.<\/p>\n<p>18 \u00a7<\/p>\n<p style=\"padding-left: 30px;\">Tilinp\u00e4\u00e4t\u00f6s tarvittavine asiakirjoineen ja hallituksen vuosikertomus on annettava tilintarkastajille viimeist\u00e4\u00e4n kolme viikkoa ennen vuosikokousta. Tilintarkastajien tulee antaa kirjallinen lausuntonsa hallitukselle viimeist\u00e4\u00e4n kaksi viikkoa ennen vuosikokousta.<\/p>\n<h4>Yhdistyksen kokoukset<\/h4>\n<p>19 \u00a7<\/p>\n<p style=\"padding-left: 30px;\">Yhdistyksen vuosikokous pidet\u00e4\u00e4n kes\u00e4-joulukuussa hallituksen m\u00e4\u00e4r\u00e4\u00e4m\u00e4n\u00e4 p\u00e4iv\u00e4n\u00e4.<\/p>\n<p>20 \u00a7<\/p>\n<p style=\"padding-left: 30px;\">Ylim\u00e4\u00e4r\u00e4inen kokous pidet\u00e4\u00e4n, kun yhdistyksen kokous niin p\u00e4\u00e4tt\u00e4\u00e4 tai kun hallitus katsoo siihen olevan aihetta tai kun v\u00e4hint\u00e4\u00e4n kymmenesosa (1\/10) yhdistyksen \u00e4\u00e4nioikeutetuista j\u00e4senist\u00e4 sit\u00e4 hallitukselta erityisesti ilmoitettua asiaa varten kirjallisesti vaatii. Kokous on pidett\u00e4v\u00e4 kolmenkymmenen vuorokauden kuluessa siit\u00e4, kun vaatimus sen pit\u00e4misest\u00e4 on esitetty.<\/p>\n<p>21 \u00a7<\/p>\n<p style=\"padding-left: 30px;\">Yhdistyksen kokous on p\u00e4\u00e4t\u00f6svaltainen, kun kokous on laillisesti koolle kutsuttu.<\/p>\n<p>22 \u00a7<\/p>\n<p style=\"padding-left: 30px;\">Yhdistyksen kokouksissa on jokaisella varsinaisella j\u00e4senell\u00e4 ja kunniaj\u00e4senell\u00e4 yksi \u00e4\u00e4ni. Kannattavalla j\u00e4senell\u00e4 on kokouksessa l\u00e4sn\u00e4olo- ja puheoikeus.<\/p>\n<p>23 \u00a7<\/p>\n<p style=\"padding-left: 30px;\">Yhdistyksen kokouksen p\u00e4\u00e4t\u00f6kseksi tulee, ellei s\u00e4\u00e4nn\u00f6iss\u00e4 ole toisin m\u00e4\u00e4r\u00e4tty, se mielipide, jota on kannattanut yli puolet annetuista \u00e4\u00e4nist\u00e4. \u00c4\u00e4nten menness\u00e4 tasan ratkaisee kokouksen puheenjohtajan \u00e4\u00e4ni, vaaleissa kuitenkin arpa.<\/p>\n<h4>Yhdistyksen kokousten koollekutsuminen<\/h4>\n<p>24 \u00a7<\/p>\n<p style=\"padding-left: 30px;\">Hallituksen on kutsuttava yhdistyksen kokoukset koolle v\u00e4hint\u00e4\u00e4n nelj\u00e4toista (14) vuorokautta ennen kokousta j\u00e4senille toimitetulla kirjallisella kutsulla.<\/p>\n<h4>Varsinaiset kokoukset<\/h4>\n<p>25 \u00a7<\/p>\n<p style=\"padding-left: 30px;\">Yhdistyksen vuosikokouksessa k\u00e4sitell\u00e4\u00e4n ainakin seuraavat asiat:<\/p>\n<p style=\"padding-left: 60px;\">tilintarkastajien lausunto<\/p>\n<p style=\"padding-left: 60px;\">p\u00e4\u00e4tet\u00e4\u00e4n tilinp\u00e4\u00e4t\u00f6ksen vahvistamisesta ja vastuuvapauden my\u00f6nt\u00e4misest\u00e4 hallitukselle ja muille vastuuvelvollisille<\/p>\n<p style=\"padding-left: 60px;\">vahvistetaan toimintasuunnitelma, talousarvio sek\u00e4 liittymis- ja j\u00e4senmaksujen suuruudet seuraavalle kalenterivuodelle<\/p>\n<p style=\"padding-left: 60px;\">valitaan hallituksen puheenjohtaja ja muut j\u00e4senet<\/p>\n<p style=\"padding-left: 60px;\">valitaan yksi tai kaksi tilintarkastajaa ja heille varatilintarkastajat<\/p>\n<p>26 \u00a7<\/p>\n<p style=\"padding-left: 30px;\">Mik\u00e4li yhdistyksen j\u00e4sen haluaa saada jonkin asian yhdistyksen vuosikokouksen k\u00e4sitelt\u00e4v\u00e4ksi, on h\u00e4nen ilmoitettava siit\u00e4 kirjallisesti\u00a0hallitukselle kaksi viikkoa ennen kokousta.<\/p>\n<h4>S\u00e4\u00e4nt\u00f6jen muuttaminen ja yhdistyksen purkaminen<\/h4>\n<p>27 \u00a7<\/p>\n<p style=\"padding-left: 30px;\">P\u00e4\u00e4t\u00f6s s\u00e4\u00e4nt\u00f6jen muuttamisesta tai yhdistyksen purkamisesta on teht\u00e4v\u00e4 kahdessa (2) per\u00e4tt\u00e4isess\u00e4 v\u00e4hint\u00e4\u00e4n kolmen (3) kuukauden v\u00e4lein j\u00e4rjestetyss\u00e4 yhdistyksen kokouksessa v\u00e4hint\u00e4\u00e4n kolmen nelj\u00e4sosan (3\/4) enemmist\u00f6ll\u00e4 annetuista \u00e4\u00e4nist\u00e4. Kokouskutsussa on mainittava s\u00e4\u00e4nt\u00f6jen muuttamisesta tai yhdistyksen purkamisesta.<\/p>\n<p>28 \u00a7<\/p>\n<p style=\"padding-left: 30px;\">Yhdistyksen purkautuessa k\u00e4ytet\u00e4\u00e4n yhdistyksen varat yhdistyksen tarkoituksen edist\u00e4miseen purkamisesta p\u00e4\u00e4tt\u00e4v\u00e4n kokouksen m\u00e4\u00e4r\u00e4\u00e4m\u00e4ll\u00e4 tavalla. Yhdistyksen tullessa lakkautetuksi k\u00e4ytet\u00e4\u00e4n sen varat samaan tarkoitukseen.<\/p>\n","protected":false},"excerpt":{"rendered":"<p>S\u00e4\u00e4nn\u00f6t Yhdistyksen nimi ja kotipaikka 1 \u00a7 Yhdistyksen nimi on Tampereen\u00a0teknillisen yliopiston TeLEalumni ry ja sen kotipaikka on Tampere. Tarkoitus ja toiminnan laatu 2 \u00a7 Yhdistyksen tarkoituksena on yhdist\u00e4\u00e4 Tampereen teknillisen yliopiston (TTY, entinen TTKK) Signaalink\u00e4sittelyn ja tietoliikennetekniikan (SiTi) tai Tietoliikenne-elektroniikan (TLE) koulutusohjelmasta valmistuneita tai siihen kuuluneita muista koulutusohjelmista valmistuneita sek\u00e4 edist\u00e4\u00e4 signaalink\u00e4sittelyn ja tietoliikenteen &hellip; <a href=\"https:\/\/telealumni.fi\/alumni\/tietoa\/saannot\/\" class=\"more-link\">Continue reading <span class=\"screen-reader-text\">S\u00e4\u00e4nn\u00f6t<\/span><\/a><\/p>\n","protected":false},"author":2,"featured_media":0,"parent":270,"menu_order":0,"comment_status":"closed","ping_status":"closed","template":"","meta":{"footnotes":""},"class_list":["post-50","page","type-page","status-publish","hentry"],"_links":{"self":[{"href":"https:\/\/telealumni.fi\/alumni\/wp-json\/wp\/v2\/pages\/50","targetHints":{"allow":["GET"]}}],"collection":[{"href":"https:\/\/telealumni.fi\/alumni\/wp-json\/wp\/v2\/pages"}],"about":[{"href":"https:\/\/telealumni.fi\/alumni\/wp-json\/wp\/v2\/types\/page"}],"author":[{"embeddable":true,"href":"https:\/\/telealumni.fi\/alumni\/wp-json\/wp\/v2\/users\/2"}],"replies":[{"embeddable":true,"href":"https:\/\/telealumni.fi\/alumni\/wp-json\/wp\/v2\/comments?post=50"}],"version-history":[{"count":6,"href":"https:\/\/telealumni.fi\/alumni\/wp-json\/wp\/v2\/pages\/50\/revisions"}],"predecessor-version":[{"id":133,"href":"https:\/\/telealumni.fi\/alumni\/wp-json\/wp\/v2\/pages\/50\/revisions\/133"}],"up":[{"embeddable":true,"href":"https:\/\/telealumni.fi\/alumni\/wp-json\/wp\/v2\/pages\/270"}],"wp:attachment":[{"href":"https:\/\/telealumni.fi\/alumni\/wp-json\/wp\/v2\/media?parent=50"}],"curies":[{"name":"wp","href":"https:\/\/api.w.org\/{rel}","templated":true}]}}