{"id":443,"date":"2016-03-30T17:45:28","date_gmt":"2016-03-30T14:45:28","guid":{"rendered":"http:\/\/telealumni.fi\/alumni\/?page_id=443"},"modified":"2016-05-14T11:03:57","modified_gmt":"2016-05-14T08:03:57","slug":"wappu2016","status":"publish","type":"page","link":"https:\/\/telealumni.fi\/alumni\/tapahtumat\/wappu2016\/","title":{"rendered":"Wappuruokailu 2016"},"content":{"rendered":"<h1>Wappuruokailu <a class=\"ics_link\" href=\"\/alumni\/ical.php?date=20160501&amp;startTime=1515&amp;endTime=1700&amp;subject=Wappuruokailu Huberissa&amp;desc=TeLEalumni ry:n wappuruokailu 2016\"><img loading=\"lazy\" decoding=\"async\" class=\"ics_image\" title=\"Lis\u00e4\u00e4 tapahtuma kalenteriisi\" src=\"\/alumni\/ical-button.png\" alt=\"\" width=\"48\" height=\"48\" \/><\/a><\/h1>\n<p>Perinteinen wappuruokailu j\u00e4rjestet\u00e4\u00e4n\u00a0t\u00e4n\u00e4 vuonna <a href=\"http:\/\/www.ravintelihuber.fi\/\" target=\"_blank\">Ravinteli Huberissa<\/a> 1.5. klo 15.15 alkaen. Pyyd\u00e4mme ilmoittautumaan alla olevalla lomakkeella. Paikkoja on alustavasti varattu 20 kpl. Pyrimme saamaan\u00a0lis\u00e4paikkoja tarvittaessa.<\/p>\n<h5>Ilmoittautuminen on p\u00e4\u00e4ttynyt!<\/h5>\n","protected":false},"excerpt":{"rendered":"<p>Wappuruokailu Perinteinen wappuruokailu j\u00e4rjestet\u00e4\u00e4n\u00a0t\u00e4n\u00e4 vuonna Ravinteli Huberissa 1.5. klo 15.15 alkaen. Pyyd\u00e4mme ilmoittautumaan alla olevalla lomakkeella. Paikkoja on alustavasti varattu 20 kpl. Pyrimme saamaan\u00a0lis\u00e4paikkoja tarvittaessa. Ilmoittautuminen on p\u00e4\u00e4ttynyt!<\/p>\n","protected":false},"author":2,"featured_media":0,"parent":16,"menu_order":0,"comment_status":"closed","ping_status":"closed","template":"","meta":{"footnotes":""},"class_list":["post-443","page","type-page","status-publish","hentry"],"_links":{"self":[{"href":"https:\/\/telealumni.fi\/alumni\/wp-json\/wp\/v2\/pages\/443","targetHints":{"allow":["GET"]}}],"collection":[{"href":"https:\/\/telealumni.fi\/alumni\/wp-json\/wp\/v2\/pages"}],"about":[{"href":"https:\/\/telealumni.fi\/alumni\/wp-json\/wp\/v2\/types\/page"}],"author":[{"embeddable":true,"href":"https:\/\/telealumni.fi\/alumni\/wp-json\/wp\/v2\/users\/2"}],"replies":[{"embeddable":true,"href":"https:\/\/telealumni.fi\/alumni\/wp-json\/wp\/v2\/comments?post=443"}],"version-history":[{"count":11,"href":"https:\/\/telealumni.fi\/alumni\/wp-json\/wp\/v2\/pages\/443\/revisions"}],"predecessor-version":[{"id":488,"href":"https:\/\/telealumni.fi\/alumni\/wp-json\/wp\/v2\/pages\/443\/revisions\/488"}],"up":[{"embeddable":true,"href":"https:\/\/telealumni.fi\/alumni\/wp-json\/wp\/v2\/pages\/16"}],"wp:attachment":[{"href":"https:\/\/telealumni.fi\/alumni\/wp-json\/wp\/v2\/media?parent=443"}],"curies":[{"name":"wp","href":"https:\/\/api.w.org\/{rel}","templated":true}]}}