{"id":20,"date":"2015-10-06T15:19:06","date_gmt":"2015-10-06T12:19:06","guid":{"rendered":"http:\/\/telealumni.cc.tut.fi\/alumni\/?page_id=20"},"modified":"2016-09-07T21:11:18","modified_gmt":"2016-09-07T18:11:18","slug":"big-data-sauna","status":"publish","type":"page","link":"https:\/\/telealumni.fi\/alumni\/tapahtumat\/big-data-sauna\/","title":{"rendered":"BigData-sauna"},"content":{"rendered":"<h1>BigData-sauna <a class=\"ics_link\" href=\"\/alumni\/ical.php?date=20151106&amp;startTime=1800&amp;endTime=2300&amp;subject=BigData-sauna&amp;desc=TeLEalumni ry:n sauna\"><img loading=\"lazy\" decoding=\"async\" class=\"ics_image\" title=\"Lis\u00e4\u00e4 tapahtuma kalenteriisi\" src=\"\/alumni\/ical-button.png\" alt=\"\" width=\"48\" height=\"48\" \/><\/a><\/h1>\n<p>\n<b>P\u00e4ivitys 28.12.2015:<\/b> Tapahtuman videotaltioinnit on vihdoin saatu valmiiksi. Vaikket olisikaan p\u00e4\u00e4ssyt saunalle voit tutustua keskustelujen avauksiin seuraavilla videoilla tai sitten vain palauttaa mieleen illan ohjelmaa mik\u00e4li se on jo unohtunut. <\/p>\n<p>Ehdotuksia ensivuoden saunan aiheeksi ja puheenvuoroja ensivuodelle voi ehdottaa yhdistyksen hallitukselle jo nyt. <\/p>\n<p><iframe loading=\"lazy\" width=\"705\" height=\"397\" src=\"https:\/\/www.youtube.com\/embed\/videoseries?list=PL-oez-hZqDh7b5WoedxzAYse7z-U1W1Wk\" frameborder=\"0\" allowfullscreen><\/iframe><\/p>\n<hr>\n<table style=\"height: 110px;\" width=\"435\">\n<tbody>\n<tr>\n<td><span style=\"font-size: 18pt;\"><strong>Aika:<\/strong> <\/span>Perjantai 6. marraskuuta 2015 klo 17:30 alkaen<br \/>\n<span style=\"font-size: 18pt;\"><strong>Paikka:<\/strong> <\/span>Teekkarisauna M\u00f6rrim\u00f6ykky Tampereen Hervannassa.<\/td>\n<\/tr>\n<\/tbody>\n<\/table>\n<ul>\n<li>Saunan virallisessa ohjelmassa pyrit\u00e4\u00e4n tuomaan n\u00e4k\u00f6kulmia big dataan ja sen sovelluskohteisiin niin teollisuudessa kuin tieteellisess\u00e4 tutkimuksessakin.<\/li>\n<\/ul>\n<ul>\n<li>Opastettu kierros TTYn uudelle <a href=\"http:\/\/www.tut.fi\/fi\/kampusareena\/index.htm\" target=\"_blank\">Kampusareenalle<\/a> klo 16:30\n<ul>\n<li>Oppaana toimii Jaana Hanninen<a href=\"http:\/\/www.tut.fi\/fi\/kampusareena\/yrityksille\/kampusklubi\/index.htm\" target=\"_blank\"> TTYn Kampusklubilta<\/a><\/li>\n<\/ul>\n<\/li>\n<\/ul>\n<ul>\n<li>Virallinen ohjelma:<\/li>\n<\/ul>\n<p>17:50 &#8211; 17:55 Juha Pajula, <a href=\"http:\/\/telealumni.cc.tut.fi\/\" target=\"_blank\">TeLEalumni ry<\/a>, Alkusanat<br \/>\n(ruokaa tarjolle)<br \/>\n18:10 &#8211; 18:40 Timo Erkkil\u00e4, <a href=\"http:\/\/www.quva.fi\/\" target=\"_blank\">Quva Oy<\/a>; Mit\u00e4 on Big Data?<br \/>\n18:50 &#8211; 19:20 Sami Kuivasaari, <a href=\"http:\/\/ubiikki.fi\/fi\/\" target=\"_blank\">Ubiikki Oy<\/a>; Big Data ja eLearning<br \/>\n19:30 &#8211; 20:00 Joni K\u00e4m\u00e4r\u00e4inen <a href=\"http:\/\/www.tut.fi\/fi\/tietoa-yliopistosta\/laitokset\/signaalinkasittely\/\" target=\"_blank\">SGN TTY<\/a>, Big Data ja koneoppiminen<br \/>\n20:10 &#8211; 20:40 Juho Kanniainen <a href=\"http:\/\/www.tut.fi\/fi\/tietoa-yliopistosta\/laitokset\/teollisuustalous\/\" target=\"_blank\">TETA TTY<\/a>, <a href=\"http:\/\/bigdatafinance.eu\/\" target=\"_blank\">Big Data Finance EU<\/a> -hanke<br \/>\n20:45 Yhteenveto jonka j\u00e4lkeen saunominen ja vapaamuotoinen illanvietto alkaa<\/p>\n<hr \/>\n<ul>\n<li>Virallinen ohjelma j\u00e4rjestet\u00e4\u00e4n TeLEn ja TeLEalumnin j\u00e4senmaksun maksaneille j\u00e4senille <span style=\"font-size: 10pt;\"><em>(j\u00e4senyys tarkastetaan saunalle saavuttaessa)<\/em><\/span>\n<ul>\n<li><span style=\"font-size: 12pt;\">liity <a href=\"http:\/\/tele.cc.tut.fi\/tele\/index.php?page=jasenmaksu\" target=\"_blank\">TeLEn j\u00e4seneksi<\/a><\/span><\/li>\n<li><span style=\"font-size: 12pt;\">liity <a href=\"http:\/\/telealumni.cc.tut.fi\/alumni\/liity-jaseneksi\/\" target=\"_blank\">TeLEalumniin<\/a><\/span><\/li>\n<\/ul>\n<\/li>\n<\/ul>\n<hr \/>\n<p>Ilmoittaudu BigData -saunalle<br \/>\n(4.11.2015 menness\u00e4):<\/p>\n<p>Ilmoittautuminen on p\u00e4\u00e4ttynyt!<\/p>\n<p>&nbsp;<\/p>\n","protected":false},"excerpt":{"rendered":"<p>BigData-sauna P\u00e4ivitys 28.12.2015: Tapahtuman videotaltioinnit on vihdoin saatu valmiiksi. Vaikket olisikaan p\u00e4\u00e4ssyt saunalle voit tutustua keskustelujen avauksiin seuraavilla videoilla tai sitten vain palauttaa mieleen illan ohjelmaa mik\u00e4li se on jo unohtunut. Ehdotuksia ensivuoden saunan aiheeksi ja puheenvuoroja ensivuodelle voi ehdottaa yhdistyksen hallitukselle jo nyt. Aika: Perjantai 6. marraskuuta 2015 klo 17:30 alkaen Paikka: Teekkarisauna M\u00f6rrim\u00f6ykky &hellip; <a href=\"https:\/\/telealumni.fi\/alumni\/tapahtumat\/big-data-sauna\/\" class=\"more-link\">Continue reading <span class=\"screen-reader-text\">BigData-sauna<\/span><\/a><\/p>\n","protected":false},"author":2,"featured_media":0,"parent":16,"menu_order":0,"comment_status":"closed","ping_status":"closed","template":"","meta":{"footnotes":""},"class_list":["post-20","page","type-page","status-publish","hentry"],"_links":{"self":[{"href":"https:\/\/telealumni.fi\/alumni\/wp-json\/wp\/v2\/pages\/20","targetHints":{"allow":["GET"]}}],"collection":[{"href":"https:\/\/telealumni.fi\/alumni\/wp-json\/wp\/v2\/pages"}],"about":[{"href":"https:\/\/telealumni.fi\/alumni\/wp-json\/wp\/v2\/types\/page"}],"author":[{"embeddable":true,"href":"https:\/\/telealumni.fi\/alumni\/wp-json\/wp\/v2\/users\/2"}],"replies":[{"embeddable":true,"href":"https:\/\/telealumni.fi\/alumni\/wp-json\/wp\/v2\/comments?post=20"}],"version-history":[{"count":36,"href":"https:\/\/telealumni.fi\/alumni\/wp-json\/wp\/v2\/pages\/20\/revisions"}],"predecessor-version":[{"id":527,"href":"https:\/\/telealumni.fi\/alumni\/wp-json\/wp\/v2\/pages\/20\/revisions\/527"}],"up":[{"embeddable":true,"href":"https:\/\/telealumni.fi\/alumni\/wp-json\/wp\/v2\/pages\/16"}],"wp:attachment":[{"href":"https:\/\/telealumni.fi\/alumni\/wp-json\/wp\/v2\/media?parent=20"}],"curies":[{"name":"wp","href":"https:\/\/api.w.org\/{rel}","templated":true}]}}