{"id":16,"date":"2015-10-06T15:17:23","date_gmt":"2015-10-06T12:17:23","guid":{"rendered":"http:\/\/telealumni.cc.tut.fi\/alumni\/?page_id=16"},"modified":"2022-04-21T21:04:58","modified_gmt":"2022-04-21T18:04:58","slug":"tapahtumat","status":"publish","type":"page","link":"https:\/\/telealumni.fi\/alumni\/tapahtumat\/","title":{"rendered":"Tapahtumat"},"content":{"rendered":"<h1>Tapahtumat<\/h1>\n<p>Yhdistys pyrkii j\u00e4rjest\u00e4m\u00e4\u00e4n j\u00e4senilleen mielekk\u00e4it\u00e4 ja ajankohtaisia tapahtumia. Otamme my\u00f6s mielell\u00e4mme vastaan ehdotuksia tapahtumista, jotta voimme kehitt\u00e4\u00e4 toimintaamme.<\/p>\n<h5><a href=\"http:\/\/telealumni.fi\/alumni\/afterwork\/\">Afterwork<\/a><\/h5>\n<p>Kokoonnumme joka kuukauden viimeisen\u00e4 perjantaina ty\u00f6p\u00e4iv\u00e4n j\u00e4lkeen viett\u00e4m\u00e4\u00e4n aikaa\u00a0afterworkin merkeiss\u00e4.<\/p>\n<h5><a href=\"https:\/\/telealumni.fi\/alumni\/tapahtumat\/kesatapaaminen-ja-vuosikokous-2017\/\">Vuosikokous ja kes\u00e4tapaaminen<\/a><\/h5>\n<p>Yhdistyksen s\u00e4\u00e4nt\u00f6m\u00e4\u00e4r\u00e4inen vuosikokous ja kes\u00e4tapaaminen pidet\u00e4\u00e4n perinteisesti vuosittain elokuun toisena kokonaisena viikonloppuna (pe-su).<\/p>\n<p>My\u00f6s itsen\u00e4isyysp\u00e4ivisin olemme k\u00e4yneet perinteisell\u00e4 itsen\u00e4isyysp\u00e4iv\u00e4n illallisella Tampereella.<\/p>\n<p><strong>Menneit\u00e4 tapahtumia:<\/strong><br \/><a href=\"http:\/\/telealumni.fi\/alumni\/tapahtumat\/big-data-sauna\/\">Big data -sauna<\/a><br \/><a href=\"http:\/\/telealumni.fi\/alumni\/tapahtumat\/iot-sauna\/\">IoT-sauna<\/a><br \/><a href=\"https:\/\/www.youtube.com\/watch?v=18FiK97txjs&amp;list=PL-oez-hZqDh7Dtn0VLndIoPp7l_SY8ysf\">Alumniseminaari 2016 &#8211; IoT (Youtube)<\/a><br \/><a href=\"http:\/\/telealumni.fi\/alumni\/tapahtumat\/wappu2016\/\">Wappuruokailu 2016<\/a><br \/><a href=\"http:\/\/telealumni.fi\/alumni\/tapahtumat\/itsenaisyyspaivan-ruokailu-2016\/\">Itsen\u00e4isyysp\u00e4iv\u00e4n ruokailu 2016<\/a><br \/><a href=\"https:\/\/telealumni.fi\/alumni\/tapahtumat\/wappuruokailu-2017\/\">Wappuruokailu 2017<\/a><br \/><a href=\"https:\/\/telealumni.fi\/reality\">Reality-sauna<\/a><\/p>\n<p><a href=\"http:\/\/telealumni.fi\/alumni\/cybercom-hackathon-2020\">Cybercom hackathon<\/a><\/p>\n\n","protected":false},"excerpt":{"rendered":"<p>Tapahtumat Yhdistys pyrkii j\u00e4rjest\u00e4m\u00e4\u00e4n j\u00e4senilleen mielekk\u00e4it\u00e4 ja ajankohtaisia tapahtumia. Otamme my\u00f6s mielell\u00e4mme vastaan ehdotuksia tapahtumista, jotta voimme kehitt\u00e4\u00e4 toimintaamme. Afterwork Kokoonnumme joka kuukauden viimeisen\u00e4 perjantaina ty\u00f6p\u00e4iv\u00e4n j\u00e4lkeen viett\u00e4m\u00e4\u00e4n aikaa\u00a0afterworkin merkeiss\u00e4. Vuosikokous ja kes\u00e4tapaaminen Yhdistyksen s\u00e4\u00e4nt\u00f6m\u00e4\u00e4r\u00e4inen vuosikokous ja kes\u00e4tapaaminen pidet\u00e4\u00e4n perinteisesti vuosittain elokuun toisena kokonaisena viikonloppuna (pe-su). My\u00f6s itsen\u00e4isyysp\u00e4ivisin olemme k\u00e4yneet perinteisell\u00e4 itsen\u00e4isyysp\u00e4iv\u00e4n illallisella Tampereella. Menneit\u00e4 &hellip; <a href=\"https:\/\/telealumni.fi\/alumni\/tapahtumat\/\" class=\"more-link\">Continue reading <span class=\"screen-reader-text\">Tapahtumat<\/span><\/a><\/p>\n","protected":false},"author":2,"featured_media":0,"parent":0,"menu_order":0,"comment_status":"closed","ping_status":"closed","template":"","meta":{"footnotes":""},"class_list":["post-16","page","type-page","status-publish","hentry"],"_links":{"self":[{"href":"https:\/\/telealumni.fi\/alumni\/wp-json\/wp\/v2\/pages\/16","targetHints":{"allow":["GET"]}}],"collection":[{"href":"https:\/\/telealumni.fi\/alumni\/wp-json\/wp\/v2\/pages"}],"about":[{"href":"https:\/\/telealumni.fi\/alumni\/wp-json\/wp\/v2\/types\/page"}],"author":[{"embeddable":true,"href":"https:\/\/telealumni.fi\/alumni\/wp-json\/wp\/v2\/users\/2"}],"replies":[{"embeddable":true,"href":"https:\/\/telealumni.fi\/alumni\/wp-json\/wp\/v2\/comments?post=16"}],"version-history":[{"count":47,"href":"https:\/\/telealumni.fi\/alumni\/wp-json\/wp\/v2\/pages\/16\/revisions"}],"predecessor-version":[{"id":870,"href":"https:\/\/telealumni.fi\/alumni\/wp-json\/wp\/v2\/pages\/16\/revisions\/870"}],"wp:attachment":[{"href":"https:\/\/telealumni.fi\/alumni\/wp-json\/wp\/v2\/media?parent=16"}],"curies":[{"name":"wp","href":"https:\/\/api.w.org\/{rel}","templated":true}]}}