{"id":13,"date":"2015-10-06T15:15:19","date_gmt":"2015-10-06T12:15:19","guid":{"rendered":"http:\/\/telealumni.cc.tut.fi\/alumni\/?page_id=13"},"modified":"2015-10-13T14:21:19","modified_gmt":"2015-10-13T11:21:19","slug":"etusivu","status":"publish","type":"page","link":"https:\/\/telealumni.fi\/alumni\/","title":{"rendered":"Etusivu"},"content":{"rendered":"<h1 style=\"hyphens: none; -webkit-hyphens: none; -moz-hyphens: none; -ms-hyphens: none;\">Omnia alumni potentis mundi!<\/h1>\n<p>TeLEalumni ry on perustettu vuonna 2010 toimimaan TeLE- killan\/kerhon valmistuneiden ja l\u00e4hes valmistuneiden yhdyssiteen\u00e4.<\/p>\n<p>Tavoitteenamme on luoda yhteyksi\u00e4 entisten ja nykyisten TeLEl\u00e4isten, sek\u00e4 alan\u00a0yritysten v\u00e4lille tapahtumien ja j\u00e4senille suunnatun tiedotuksen avulla.<\/p>\n","protected":false},"excerpt":{"rendered":"<p>Omnia alumni potentis mundi! TeLEalumni ry on perustettu vuonna 2010 toimimaan TeLE- killan\/kerhon valmistuneiden ja l\u00e4hes valmistuneiden yhdyssiteen\u00e4. Tavoitteenamme on luoda yhteyksi\u00e4 entisten ja nykyisten TeLEl\u00e4isten, sek\u00e4 alan\u00a0yritysten v\u00e4lille tapahtumien ja j\u00e4senille suunnatun tiedotuksen avulla.<\/p>\n","protected":false},"author":2,"featured_media":0,"parent":0,"menu_order":0,"comment_status":"closed","ping_status":"closed","template":"","meta":{"footnotes":""},"class_list":["post-13","page","type-page","status-publish","hentry"],"_links":{"self":[{"href":"https:\/\/telealumni.fi\/alumni\/wp-json\/wp\/v2\/pages\/13","targetHints":{"allow":["GET"]}}],"collection":[{"href":"https:\/\/telealumni.fi\/alumni\/wp-json\/wp\/v2\/pages"}],"about":[{"href":"https:\/\/telealumni.fi\/alumni\/wp-json\/wp\/v2\/types\/page"}],"author":[{"embeddable":true,"href":"https:\/\/telealumni.fi\/alumni\/wp-json\/wp\/v2\/users\/2"}],"replies":[{"embeddable":true,"href":"https:\/\/telealumni.fi\/alumni\/wp-json\/wp\/v2\/comments?post=13"}],"version-history":[{"count":13,"href":"https:\/\/telealumni.fi\/alumni\/wp-json\/wp\/v2\/pages\/13\/revisions"}],"predecessor-version":[{"id":151,"href":"https:\/\/telealumni.fi\/alumni\/wp-json\/wp\/v2\/pages\/13\/revisions\/151"}],"wp:attachment":[{"href":"https:\/\/telealumni.fi\/alumni\/wp-json\/wp\/v2\/media?parent=13"}],"curies":[{"name":"wp","href":"https:\/\/api.w.org\/{rel}","templated":true}]}}